{"id":9635,"date":"2019-05-31T12:27:32","date_gmt":"2019-05-31T10:27:32","guid":{"rendered":"https:\/\/www.salgotarjan.hu\/?page_id=9635"},"modified":"2019-12-06T09:59:05","modified_gmt":"2019-12-06T08:59:05","slug":"online-ugyintezes","status":"publish","type":"page","link":"https:\/\/www.salgotarjan.hu\/?page_id=9635","title":{"rendered":"Online \u00fcgyint\u00e9z\u00e9s"},"content":{"rendered":"<div style=\"text-align: center; margin: 20px;\"><a href=\"https:\/\/ohp-20.asp.lgov.hu\/\" target=\"_blank\" rel=\"noopener noreferrer\"><img decoding=\"async\" src=\"https:\/\/www.salgotarjan.hu\/wp-content\/uploads\/onlineugyintezes_20191026_logo.jpg\" alt=\"\u00d6nkorm\u00e1nyzati Hivatali Port\u00e1l\" \/><\/a><\/div>\n\n\n<p class=\"has-text-align-center\"> <a rel=\"noreferrer noopener\" href=\"https:\/\/www.salgotarjan.hu\/wp-content\/uploads\/onlineugyintezes_20191026_tajekoztato.pdf\" target=\"_blank\">T\u00e1j\u00e9koztat\u00f3 az \u00d6nkorm\u00e1nyzati Hivatali Port\u00e1l (OHP) haszn\u00e1lat\u00e1r\u00f3l<\/a> (pdf) <\/p>\n\n\n\n<p class=\"has-text-align-center\"><a href=\"https:\/\/www.salgotarjan.hu\/wp-content\/uploads\/onlineugyintezes_20191206_elektronikus_ugyintezes_szabalyzata.pdf\" target=\"_blank\" rel=\"noreferrer noopener\" aria-label=\"Salg\u00f3tarj\u00e1n Megyei Jog\u00fa V\u00e1ros Polg\u00e1rmesteri Hivatala Elektronikus \u00dcgyint\u00e9z\u00e9si Szab\u00e1lyzata (\u00faj f\u00fcl\u00f6n nyitja meg)\">Salg\u00f3tarj\u00e1n Megyei Jog\u00fa V\u00e1ros Polg\u00e1rmesteri Hivatala Elektronikus \u00dcgyint\u00e9z\u00e9si Szab\u00e1lyzata<\/a> (pdf)<\/p>\n","protected":false},"excerpt":{"rendered":"<p>T\u00e1j\u00e9koztat\u00f3 az \u00d6nkorm\u00e1nyzati Hivatali Port\u00e1l (OHP) haszn\u00e1lat\u00e1r\u00f3l (pdf) Salg\u00f3tarj\u00e1n Megyei Jog\u00fa V\u00e1ros Polg\u00e1rmesteri Hivatala Elektronikus \u00dcgyint\u00e9z\u00e9si Szab\u00e1lyzata (pdf)<\/p>\n","protected":false},"author":7,"featured_media":0,"parent":0,"menu_order":0,"comment_status":"closed","ping_status":"closed","template":"","meta":{"footnotes":""},"class_list":["post-9635","page","type-page","status-publish"],"_links":{"self":[{"href":"https:\/\/www.salgotarjan.hu\/index.php?rest_route=\/wp\/v2\/pages\/9635","targetHints":{"allow":["GET"]}}],"collection":[{"href":"https:\/\/www.salgotarjan.hu\/index.php?rest_route=\/wp\/v2\/pages"}],"about":[{"href":"https:\/\/www.salgotarjan.hu\/index.php?rest_route=\/wp\/v2\/types\/page"}],"author":[{"embeddable":true,"href":"https:\/\/www.salgotarjan.hu\/index.php?rest_route=\/wp\/v2\/users\/7"}],"replies":[{"embeddable":true,"href":"https:\/\/www.salgotarjan.hu\/index.php?rest_route=%2Fwp%2Fv2%2Fcomments&post=9635"}],"version-history":[{"count":1,"href":"https:\/\/www.salgotarjan.hu\/index.php?rest_route=\/wp\/v2\/pages\/9635\/revisions"}],"predecessor-version":[{"id":10412,"href":"https:\/\/www.salgotarjan.hu\/index.php?rest_route=\/wp\/v2\/pages\/9635\/revisions\/10412"}],"wp:attachment":[{"href":"https:\/\/www.salgotarjan.hu\/index.php?rest_route=%2Fwp%2Fv2%2Fmedia&parent=9635"}],"curies":[{"name":"wp","href":"https:\/\/api.w.org\/{rel}","templated":true}]}}