{"id":9,"date":"2014-10-26T13:09:59","date_gmt":"2014-10-26T12:09:59","guid":{"rendered":"http:\/\/www.salgotarjan.hu\/?page_id=9"},"modified":"2022-01-15T09:21:33","modified_gmt":"2022-01-15T08:21:33","slug":"kozlekedes","status":"publish","type":"page","link":"https:\/\/www.salgotarjan.hu\/?page_id=9","title":{"rendered":"Menetrendek"},"content":{"rendered":"\n<p><a rel=\"noopener noreferrer\" href=\"https:\/\/www.menetrendek.hu\/\" target=\"_blank\">Aut\u00f3busz \u00e9s vonat menetrend<\/a> (www.menetrendek.hu)<\/p>\n\n\n\n<p><a rel=\"noopener noreferrer\" href=\"https:\/\/www.volanbusz.hu\/\" target=\"_blank\">Vol\u00e1nbusz honlap<\/a> (www.volanbusz.hu)<br><br><a href=\"https:\/\/www.volanbusz.hu\/hu\/menetrendek\/helyi-jaratok\/salgotarjan\" target=\"_blank\" rel=\"noreferrer noopener\">Vol\u00e1nbusz menetrend \/ Salg\u00f3tarj\u00e1n helyi k\u00f6zleked\u00e9se<\/a> (www.volanbusz.hu)<\/p>\n\n\n\n<p><a href=\"http:\/\/elvira.mav-start.hu\/elvira.dll\/x\/\" target=\"_blank\" rel=\"noopener noreferrer\">M\u00c1V-Start vas\u00fati menetrend<\/a> (elvira.mavinformatika.hu)<\/p>\n\n\n\n<p><a rel=\"noopener noreferrer\" href=\"https:\/\/www.mavcsoport.hu\/\" target=\"_blank\">M\u00c1V-csoport honlap<\/a> (www.mavcsoport.hu)<\/p>\n","protected":false},"excerpt":{"rendered":"<p>Aut\u00f3busz \u00e9s vonat menetrend (www.menetrendek.hu) Vol\u00e1nbusz honlap (www.volanbusz.hu) Vol\u00e1nbusz menetrend \/ Salg\u00f3tarj\u00e1n helyi k\u00f6zleked\u00e9se (www.volanbusz.hu) M\u00c1V-Start vas\u00fati menetrend (elvira.mavinformatika.hu) M\u00c1V-csoport honlap (www.mavcsoport.hu)<\/p>\n","protected":false},"author":7,"featured_media":0,"parent":0,"menu_order":0,"comment_status":"closed","ping_status":"open","template":"","meta":{"footnotes":""},"class_list":["post-9","page","type-page","status-publish"],"_links":{"self":[{"href":"https:\/\/www.salgotarjan.hu\/index.php?rest_route=\/wp\/v2\/pages\/9","targetHints":{"allow":["GET"]}}],"collection":[{"href":"https:\/\/www.salgotarjan.hu\/index.php?rest_route=\/wp\/v2\/pages"}],"about":[{"href":"https:\/\/www.salgotarjan.hu\/index.php?rest_route=\/wp\/v2\/types\/page"}],"author":[{"embeddable":true,"href":"https:\/\/www.salgotarjan.hu\/index.php?rest_route=\/wp\/v2\/users\/7"}],"replies":[{"embeddable":true,"href":"https:\/\/www.salgotarjan.hu\/index.php?rest_route=%2Fwp%2Fv2%2Fcomments&post=9"}],"version-history":[{"count":1,"href":"https:\/\/www.salgotarjan.hu\/index.php?rest_route=\/wp\/v2\/pages\/9\/revisions"}],"predecessor-version":[{"id":12648,"href":"https:\/\/www.salgotarjan.hu\/index.php?rest_route=\/wp\/v2\/pages\/9\/revisions\/12648"}],"wp:attachment":[{"href":"https:\/\/www.salgotarjan.hu\/index.php?rest_route=%2Fwp%2Fv2%2Fmedia&parent=9"}],"curies":[{"name":"wp","href":"https:\/\/api.w.org\/{rel}","templated":true}]}}