{"id":793,"date":"2015-02-20T14:00:27","date_gmt":"2015-02-20T13:00:27","guid":{"rendered":"http:\/\/www.salgotarjan.hu\/?page_id=793"},"modified":"2025-03-19T10:11:39","modified_gmt":"2025-03-19T09:11:39","slug":"kozgyules","status":"publish","type":"page","link":"https:\/\/www.salgotarjan.hu\/?page_id=793","title":{"rendered":"K\u00f6zgy\u0171l\u00e9s"},"content":{"rendered":"\n<p><a href=\"https:\/\/www.salgotarjan.hu\/?page_id=26\">K\u00e9pvisel\u0151k<\/a><\/p>\n\n\n\n<p><a href=\"https:\/\/www.salgotarjan.hu\/?page_id=682\">Bizotts\u00e1gok<\/a><\/p>\n\n\n\n<p><a href=\"https:\/\/www.kozadat.salgotarjan.hu\/?module=news&amp;action=list&amp;fname=dontesek_biz_ules_jk#MIDDLE\" data-type=\"link\" data-id=\"https:\/\/www.kozadat.salgotarjan.hu\/?module=news&amp;action=list&amp;fname=dontesek_biz_ules_jk#MIDDLE\" target=\"_blank\" rel=\"noreferrer noopener\">Bizotts\u00e1gi jegyz\u0151k\u00f6nyvek<\/a><\/p>\n\n\n\n<p><a href=\"https:\/\/www.salgotarjan.hu\/?page_id=651\">K\u00f6zgy\u0171l\u00e9s vide\u00f3t\u00e1r<\/a><\/p>\n\n\n\n<p><a href=\"http:\/\/kozgyules.salgotarjan.hu\/\" target=\"_blank\" rel=\"noreferrer noopener\">K\u00f6zgy\u0171l\u00e9s dokumentumt\u00e1r<\/a><\/p>\n\n\n\n<p><a href=\"https:\/\/www.kozadat.salgotarjan.hu\/?module=news&amp;action=list&amp;fname=eloterjesztesek_jk\" target=\"_blank\" rel=\"noreferrer noopener\">K\u00f6zgy\u0171l\u00e9si jegyz\u0151k\u00f6nyvek<\/a><\/p>\n","protected":false},"excerpt":{"rendered":"<p>K\u00e9pvisel\u0151k Bizotts\u00e1gok Bizotts\u00e1gi jegyz\u0151k\u00f6nyvek K\u00f6zgy\u0171l\u00e9s vide\u00f3t\u00e1r K\u00f6zgy\u0171l\u00e9s dokumentumt\u00e1r K\u00f6zgy\u0171l\u00e9si jegyz\u0151k\u00f6nyvek<\/p>\n","protected":false},"author":7,"featured_media":0,"parent":0,"menu_order":0,"comment_status":"closed","ping_status":"closed","template":"","meta":{"footnotes":""},"class_list":["post-793","page","type-page","status-publish"],"_links":{"self":[{"href":"https:\/\/www.salgotarjan.hu\/index.php?rest_route=\/wp\/v2\/pages\/793","targetHints":{"allow":["GET"]}}],"collection":[{"href":"https:\/\/www.salgotarjan.hu\/index.php?rest_route=\/wp\/v2\/pages"}],"about":[{"href":"https:\/\/www.salgotarjan.hu\/index.php?rest_route=\/wp\/v2\/types\/page"}],"author":[{"embeddable":true,"href":"https:\/\/www.salgotarjan.hu\/index.php?rest_route=\/wp\/v2\/users\/7"}],"replies":[{"embeddable":true,"href":"https:\/\/www.salgotarjan.hu\/index.php?rest_route=%2Fwp%2Fv2%2Fcomments&post=793"}],"version-history":[{"count":1,"href":"https:\/\/www.salgotarjan.hu\/index.php?rest_route=\/wp\/v2\/pages\/793\/revisions"}],"predecessor-version":[{"id":15844,"href":"https:\/\/www.salgotarjan.hu\/index.php?rest_route=\/wp\/v2\/pages\/793\/revisions\/15844"}],"wp:attachment":[{"href":"https:\/\/www.salgotarjan.hu\/index.php?rest_route=%2Fwp%2Fv2%2Fmedia&parent=793"}],"curies":[{"name":"wp","href":"https:\/\/api.w.org\/{rel}","templated":true}]}}