{"id":7528,"date":"2018-02-14T09:04:33","date_gmt":"2018-02-14T08:04:33","guid":{"rendered":"https:\/\/www.salgotarjan.hu\/?page_id=7528"},"modified":"2018-02-14T09:20:20","modified_gmt":"2018-02-14T08:20:20","slug":"tartalom-igenylese","status":"publish","type":"page","link":"https:\/\/www.salgotarjan.hu\/?page_id=7528","title":{"rendered":"Tartalom ig\u00e9nyl\u00e9se"},"content":{"rendered":"<p><iframe loading=\"lazy\" src=\"https:\/\/docs.google.com\/forms\/d\/e\/1FAIpQLScS3LY83zyVq9maZq11imzaVEpmlVsuD4zE42ZQ-P94Gi_wbw\/viewform?embedded=true\" width=\"480\" height=\"1600\" frameborder=\"0\" marginheight=\"0\" marginwidth=\"0\">Bet\u00f6lt\u00e9s&#8230;<\/iframe><\/p>\n<p>(TESZT: <a href=\"https:\/\/docs.google.com\/spreadsheets\/d\/1YZgIzEtzUzU14RqaTknUKAC0bCU_lnKQVoKmnRYTnH8\/edit?usp=sharing\" rel=\"noopener\" target=\"_blank\">v\u00e1laszok<\/a>)<\/p>\n<p>(TESZT: <a href=\"https:\/\/drive.google.com\/file\/d\/1pVbtqGCsNl0hV-ACaQE292y5Q1JJljsz\/view?usp=sharing\">let\u00f6lt\u00e9s<\/a>)<\/p>\n","protected":false},"excerpt":{"rendered":"<p>Bet\u00f6lt\u00e9s&#8230; (TESZT: v\u00e1laszok) (TESZT: let\u00f6lt\u00e9s)<\/p>\n","protected":false},"author":7,"featured_media":0,"parent":0,"menu_order":0,"comment_status":"closed","ping_status":"closed","template":"","meta":{"footnotes":""},"class_list":["post-7528","page","type-page","status-publish"],"_links":{"self":[{"href":"https:\/\/www.salgotarjan.hu\/index.php?rest_route=\/wp\/v2\/pages\/7528","targetHints":{"allow":["GET"]}}],"collection":[{"href":"https:\/\/www.salgotarjan.hu\/index.php?rest_route=\/wp\/v2\/pages"}],"about":[{"href":"https:\/\/www.salgotarjan.hu\/index.php?rest_route=\/wp\/v2\/types\/page"}],"author":[{"embeddable":true,"href":"https:\/\/www.salgotarjan.hu\/index.php?rest_route=\/wp\/v2\/users\/7"}],"replies":[{"embeddable":true,"href":"https:\/\/www.salgotarjan.hu\/index.php?rest_route=%2Fwp%2Fv2%2Fcomments&post=7528"}],"version-history":[{"count":1,"href":"https:\/\/www.salgotarjan.hu\/index.php?rest_route=\/wp\/v2\/pages\/7528\/revisions"}],"predecessor-version":[{"id":7532,"href":"https:\/\/www.salgotarjan.hu\/index.php?rest_route=\/wp\/v2\/pages\/7528\/revisions\/7532"}],"wp:attachment":[{"href":"https:\/\/www.salgotarjan.hu\/index.php?rest_route=%2Fwp%2Fv2%2Fmedia&parent=7528"}],"curies":[{"name":"wp","href":"https:\/\/api.w.org\/{rel}","templated":true}]}}