{"id":7259,"date":"2017-12-15T14:22:22","date_gmt":"2017-12-15T13:22:22","guid":{"rendered":"https:\/\/www.salgotarjan.hu\/?page_id=7259"},"modified":"2025-04-24T11:28:22","modified_gmt":"2025-04-24T09:28:22","slug":"informacioatadasi-szabalyzat","status":"publish","type":"page","link":"https:\/\/www.salgotarjan.hu\/?page_id=7259","title":{"rendered":"E-\u00fcgyint\u00e9z\u00e9s szab\u00e1lyzatok"},"content":{"rendered":"<p><a href=\"https:\/\/www.salgotarjan.hu\/wp-content\/uploads\/eugyintezes_20171215_informacioatadasiszabalyzat.pdf\" target=\"_blank\" rel=\"noopener noreferrer\">Inform\u00e1ci\u00f3\u00e1tad\u00e1si szab\u00e1lyzat<\/a> (pdf)<\/p>\n<p><a href=\"https:\/\/www.salgotarjan.hu\/wp-content\/uploads\/eugyintezes_20250401_masolatkeszitesiszabalyzat.pdf\" target=\"_blank\" rel=\"noopener noreferrer\">M\u00e1solatk\u00e9sz\u00edt\u00e9si szab\u00e1lyzat<\/a> (pdf)<\/p>\n","protected":false},"excerpt":{"rendered":"<p>Inform\u00e1ci\u00f3\u00e1tad\u00e1si szab\u00e1lyzat (pdf) M\u00e1solatk\u00e9sz\u00edt\u00e9si szab\u00e1lyzat (pdf)<\/p>\n","protected":false},"author":7,"featured_media":0,"parent":0,"menu_order":0,"comment_status":"closed","ping_status":"closed","template":"","meta":{"footnotes":""},"class_list":["post-7259","page","type-page","status-publish"],"_links":{"self":[{"href":"https:\/\/www.salgotarjan.hu\/index.php?rest_route=\/wp\/v2\/pages\/7259","targetHints":{"allow":["GET"]}}],"collection":[{"href":"https:\/\/www.salgotarjan.hu\/index.php?rest_route=\/wp\/v2\/pages"}],"about":[{"href":"https:\/\/www.salgotarjan.hu\/index.php?rest_route=\/wp\/v2\/types\/page"}],"author":[{"embeddable":true,"href":"https:\/\/www.salgotarjan.hu\/index.php?rest_route=\/wp\/v2\/users\/7"}],"replies":[{"embeddable":true,"href":"https:\/\/www.salgotarjan.hu\/index.php?rest_route=%2Fwp%2Fv2%2Fcomments&post=7259"}],"version-history":[{"count":1,"href":"https:\/\/www.salgotarjan.hu\/index.php?rest_route=\/wp\/v2\/pages\/7259\/revisions"}],"predecessor-version":[{"id":15976,"href":"https:\/\/www.salgotarjan.hu\/index.php?rest_route=\/wp\/v2\/pages\/7259\/revisions\/15976"}],"wp:attachment":[{"href":"https:\/\/www.salgotarjan.hu\/index.php?rest_route=%2Fwp%2Fv2%2Fmedia&parent=7259"}],"curies":[{"name":"wp","href":"https:\/\/api.w.org\/{rel}","templated":true}]}}