{"id":6991,"date":"2017-10-25T14:55:54","date_gmt":"2017-10-25T12:55:54","guid":{"rendered":"https:\/\/www.salgotarjan.hu\/?page_id=6991"},"modified":"2017-11-01T13:16:25","modified_gmt":"2017-11-01T12:16:25","slug":"helyi-valasztasi-bizottsag-2017","status":"publish","type":"page","link":"https:\/\/www.salgotarjan.hu\/?page_id=6991","title":{"rendered":"V\u00e1laszt\u00e1sok \/ V\u00e1laszt\u00e1si bizotts\u00e1g d\u00f6nt\u00e9sei \/ 2017. Helyi V\u00e1laszt\u00e1si Bizotts\u00e1g"},"content":{"rendered":"<p>\u00dcl\u00e9sek:<\/p>\n<p><strong>2017.10.25.<\/strong><br \/>\nnapirend: k\u00e9pvisel\u0151 lemond\u00e1s\u00e1nak tudom\u00e1sul v\u00e9tele \u00e9s mand\u00e1tum kioszt\u00e1sa; megb\u00edz\u00f3lev\u00e9l \u00e1tad\u00e1s\u00e1val kapcsolatos hat\u00e1sk\u00f6r \u00e1truh\u00e1z\u00e1sa a HVB eln\u00f6k\u00e9re<\/p>\n<p>D\u00f6nt\u00e9sek:<\/p>\n<p><a href=\"https:\/\/www.salgotarjan.hu\/wp-content\/uploads\/fajl_valasztasok_20171025_hvb1.pdf\">Salg\u00f3tarj\u00e1ni Helyi V\u00e1laszt\u00e1si Bizotts\u00e1g 1\/2017.(X.25.) HVB. sz. hat\u00e1rozata<\/a> (pdf)<br \/>\nT\u00e1rgy: K\u00e9pvisel\u0151 lemond\u00e1s\u00e1nak tudom\u00e1sul v\u00e9tele \u00e9s mand\u00e1tum kioszt\u00e1sa<\/p>\n","protected":false},"excerpt":{"rendered":"<p>\u00dcl\u00e9sek: 2017.10.25. napirend: k\u00e9pvisel\u0151 lemond\u00e1s\u00e1nak tudom\u00e1sul v\u00e9tele \u00e9s mand\u00e1tum kioszt\u00e1sa; megb\u00edz\u00f3lev\u00e9l \u00e1tad\u00e1s\u00e1val kapcsolatos hat\u00e1sk\u00f6r \u00e1truh\u00e1z\u00e1sa a HVB eln\u00f6k\u00e9re D\u00f6nt\u00e9sek: Salg\u00f3tarj\u00e1ni Helyi V\u00e1laszt\u00e1si Bizotts\u00e1g 1\/2017.(X.25.) HVB. sz. hat\u00e1rozata (pdf) T\u00e1rgy: K\u00e9pvisel\u0151 lemond\u00e1s\u00e1nak tudom\u00e1sul v\u00e9tele \u00e9s mand\u00e1tum kioszt\u00e1sa<\/p>\n","protected":false},"author":7,"featured_media":0,"parent":0,"menu_order":0,"comment_status":"closed","ping_status":"closed","template":"","meta":{"footnotes":""},"class_list":["post-6991","page","type-page","status-publish"],"_links":{"self":[{"href":"https:\/\/www.salgotarjan.hu\/index.php?rest_route=\/wp\/v2\/pages\/6991","targetHints":{"allow":["GET"]}}],"collection":[{"href":"https:\/\/www.salgotarjan.hu\/index.php?rest_route=\/wp\/v2\/pages"}],"about":[{"href":"https:\/\/www.salgotarjan.hu\/index.php?rest_route=\/wp\/v2\/types\/page"}],"author":[{"embeddable":true,"href":"https:\/\/www.salgotarjan.hu\/index.php?rest_route=\/wp\/v2\/users\/7"}],"replies":[{"embeddable":true,"href":"https:\/\/www.salgotarjan.hu\/index.php?rest_route=%2Fwp%2Fv2%2Fcomments&post=6991"}],"version-history":[{"count":2,"href":"https:\/\/www.salgotarjan.hu\/index.php?rest_route=\/wp\/v2\/pages\/6991\/revisions"}],"predecessor-version":[{"id":7032,"href":"https:\/\/www.salgotarjan.hu\/index.php?rest_route=\/wp\/v2\/pages\/6991\/revisions\/7032"}],"wp:attachment":[{"href":"https:\/\/www.salgotarjan.hu\/index.php?rest_route=%2Fwp%2Fv2%2Fmedia&parent=6991"}],"curies":[{"name":"wp","href":"https:\/\/api.w.org\/{rel}","templated":true}]}}