{"id":682,"date":"2015-01-23T15:41:44","date_gmt":"2015-01-23T14:41:44","guid":{"rendered":"http:\/\/www.salgotarjan.hu\/?page_id=682"},"modified":"2026-01-14T13:17:05","modified_gmt":"2026-01-14T12:17:05","slug":"bizottsagok","status":"publish","type":"page","link":"https:\/\/www.salgotarjan.hu\/?page_id=682","title":{"rendered":"K\u00f6zgy\u0171l\u00e9s \/ Bizotts\u00e1gok"},"content":{"rendered":"\n<style>\n.bizottsagok p {\n    margin-bottom: 15px;\n}\n.bizottsagok ul {\n    list-style-type: none;\n    margin: 0 0 15px 0;\n    padding: 0 15px;\n}\n.bizottsagok h2,\n.bizottsagok h3 {\n    margin-top: 30px\n}\n.bizottsagok h2 + ul,\n.bizottsagok h3 + ul {\n    padding: 0;\n}\n<\/style>\n<div class=\"bizottsagok\">\n\n\n\n<h2 class=\"wp-block-heading\">\u00dcgyrendi Bizotts\u00e1g<\/h2>\n\n\n\n<ul class=\"wp-block-list\">\n<li>Eln\u00f6k: <strong>Korponai Tam\u00e1s<\/strong><\/li>\n\n\n\n<li>Eln\u00f6khelyettes: <strong>Moln\u00e1r K\u00e1roly<\/strong><\/li>\n<\/ul>\n\n\n\n<p>Telep\u00fcl\u00e9si k\u00e9pvisel\u0151k k\u00f6z\u00fcl v\u00e1lasztott tagok:<\/p>\n\n\n\n<ul class=\"wp-block-list\">\n<li><strong>Kisbali G\u00e1bor<\/strong><\/li>\n\n\n\n<li><strong>Klajban J\u00e1nos<\/strong><\/li>\n\n\n\n<li><strong>Papp Marcell<\/strong><\/li>\n\n\n\n<li><strong>Szab\u00f3 Csaba<\/strong><\/li>\n<\/ul>\n\n\n\n<p>Nem telep\u00fcl\u00e9si k\u00e9pvisel\u0151k k\u00f6z\u00fcl v\u00e1lasztott tagok:<\/p>\n\n\n\n<ul class=\"wp-block-list\">\n<li><strong>Csonka Katalin<\/strong><\/li>\n\n\n\n<li><strong>Iv\u00e1nyi Attila<\/strong><\/li>\n\n\n\n<li><strong>Papp Vencel \u00c1ron<\/strong><\/li>\n\n\n\n<li><strong>Preisler Ren\u00e1ta<\/strong><\/li>\n\n\n\n<li><strong>T\u00f3thn\u00e9 Katona D\u00f3ra<\/strong><\/li>\n<\/ul>\n\n\n\n<h2 class=\"wp-block-heading\">Gazdas\u00e1gi Bizotts\u00e1g<\/h2>\n\n\n\n<ul class=\"wp-block-list\">\n<li>Eln\u00f6k: <strong>Turcs\u00e1ny L\u00e1szl\u00f3<\/strong><\/li>\n\n\n\n<li>Eln\u00f6khelyettes: <strong>Szab\u00f3 Csaba<\/strong><\/li>\n<\/ul>\n\n\n\n<p>Telep\u00fcl\u00e9si k\u00e9pvisel\u0151k k\u00f6z\u00fcl v\u00e1lasztott tagok:<\/p>\n\n\n\n<ul class=\"wp-block-list\">\n<li><strong>God\u00f3 Beatrix<\/strong><\/li>\n\n\n\n<li><strong>Kisbali G\u00e1bor<\/strong><\/li>\n\n\n\n<li><strong>Moln\u00e1r K\u00e1roly<\/strong><\/li>\n\n\n\n<li><strong>Pataki Csaba<\/strong><\/li>\n<\/ul>\n\n\n\n<p>Nem telep\u00fcl\u00e9si k\u00e9pvisel\u0151k k\u00f6z\u00fcl v\u00e1lasztott tagok:<\/p>\n\n\n\n<ul class=\"wp-block-list\">\n<li><strong>Danyi Erika<\/strong><\/li>\n\n\n\n<li><strong>Kubovje Tibor<\/strong><\/li>\n\n\n\n<li><strong>Papp Luk\u00e1cs Salamon<\/strong><\/li>\n\n\n\n<li><strong>Szanyi L\u00e1szl\u00f3 Szabolcs<\/strong><\/li>\n\n\n\n<li><strong>Uramecz J\u00e1nos Attila<\/strong><\/li>\n<\/ul>\n\n\n\n<h2 class=\"wp-block-heading\">N\u00e9pj\u00f3l\u00e9ti Bizotts\u00e1g<\/h2>\n\n\n\n<ul class=\"wp-block-list\">\n<li>Eln\u00f6k: <strong>Dank\u00f3n\u00e9 Luk\u00e1cs Judit<\/strong><\/li>\n\n\n\n<li>Eln\u00f6khelyettes: <strong>Klajban J\u00e1nos<\/strong><\/li>\n<\/ul>\n\n\n\n<p>Telep\u00fcl\u00e9si k\u00e9pvisel\u0151k k\u00f6z\u00fcl v\u00e1lasztott tagok:<\/p>\n\n\n\n<ul class=\"wp-block-list\">\n<li><strong>K\u00e1ntor Zolt\u00e1n<\/strong><\/li>\n\n\n\n<li><strong>Korponai Tam\u00e1s<\/strong><\/li>\n\n\n\n<li><strong>Pataki Csaba<\/strong><\/li>\n\n\n\n<li><strong>Szab\u00f3 Csaba<\/strong><\/li>\n<\/ul>\n\n\n\n<p>Nem telep\u00fcl\u00e9si k\u00e9pvisel\u0151k k\u00f6z\u00fcl v\u00e1lasztott tagok:<\/p>\n\n\n\n<ul class=\"wp-block-list\">\n<li><strong>B\u00e1bel M\u00f3nika<\/strong><\/li>\n\n\n\n<li><strong>Czene Gyula<\/strong><\/li>\n\n\n\n<li><strong>Dank\u00f3 Oszk\u00e1r<\/strong><\/li>\n\n\n\n<li><strong>Kov\u00e1cs Manna<\/strong><\/li>\n\n\n\n<li><strong>Ol\u00e1h Imr\u00e9n\u00e9<\/strong><\/li>\n<\/ul>\n\n\n\n<h2 class=\"wp-block-heading\">P\u00e9nz\u00fcgyi Bizotts\u00e1g<\/h2>\n\n\n\n<ul class=\"wp-block-list\">\n<li>Eln\u00f6k: <strong>E\u00f6tv\u00f6s Mih\u00e1ly<\/strong><\/li>\n\n\n\n<li>Eln\u00f6khelyettes: <strong>Papp Marcell<\/strong><\/li>\n<\/ul>\n\n\n\n<p>Telep\u00fcl\u00e9si k\u00e9pvisel\u0151k k\u00f6z\u00fcl v\u00e1lasztott tagok:<\/p>\n\n\n\n<ul class=\"wp-block-list\">\n<li><strong>Dank\u00f3n\u00e9 Luk\u00e1cs Judit<\/strong><\/li>\n\n\n\n<li><strong>God\u00f3 Beatrix<\/strong><\/li>\n\n\n\n<li><strong>K\u00e1ntor Zolt\u00e1n<\/strong><\/li>\n\n\n\n<li><strong>Turcs\u00e1ny L\u00e1szl\u00f3<\/strong><\/li>\n<\/ul>\n\n\n\n<p>Nem telep\u00fcl\u00e9si k\u00e9pvisel\u0151k k\u00f6z\u00fcl v\u00e1lasztott tagok:<\/p>\n\n\n\n<ul class=\"wp-block-list\">\n<li><strong>Dr\u00e1vai Attila<\/strong><\/li>\n\n\n\n<li><strong>Gabora J\u00e1nos Gyul\u00e1n\u00e9<\/strong><\/li>\n\n\n\n<li><strong>Macsuda Andr\u00e1sn\u00e9<\/strong><\/li>\n\n\n\n<li><strong>Papp Ildik\u00f3<\/strong><\/li>\n\n\n\n<li><strong>Turcs\u00e1ny L\u00e1szl\u00f3n\u00e9<\/strong><\/li>\n<\/ul>\n\n\n\n<\/div>\n","protected":false},"excerpt":{"rendered":"<p>\u00dcgyrendi Bizotts\u00e1g Telep\u00fcl\u00e9si k\u00e9pvisel\u0151k k\u00f6z\u00fcl v\u00e1lasztott tagok: Nem telep\u00fcl\u00e9si k\u00e9pvisel\u0151k k\u00f6z\u00fcl v\u00e1lasztott tagok: Gazdas\u00e1gi Bizotts\u00e1g Telep\u00fcl\u00e9si k\u00e9pvisel\u0151k k\u00f6z\u00fcl v\u00e1lasztott tagok: Nem telep\u00fcl\u00e9si k\u00e9pvisel\u0151k k\u00f6z\u00fcl v\u00e1lasztott tagok: N\u00e9pj\u00f3l\u00e9ti Bizotts\u00e1g Telep\u00fcl\u00e9si k\u00e9pvisel\u0151k k\u00f6z\u00fcl v\u00e1lasztott tagok: Nem telep\u00fcl\u00e9si k\u00e9pvisel\u0151k k\u00f6z\u00fcl v\u00e1lasztott tagok: P\u00e9nz\u00fcgyi Bizotts\u00e1g Telep\u00fcl\u00e9si k\u00e9pvisel\u0151k k\u00f6z\u00fcl v\u00e1lasztott tagok: Nem telep\u00fcl\u00e9si k\u00e9pvisel\u0151k k\u00f6z\u00fcl v\u00e1lasztott tagok:<\/p>\n","protected":false},"author":7,"featured_media":0,"parent":0,"menu_order":0,"comment_status":"closed","ping_status":"closed","template":"","meta":{"footnotes":""},"class_list":["post-682","page","type-page","status-publish"],"_links":{"self":[{"href":"https:\/\/www.salgotarjan.hu\/index.php?rest_route=\/wp\/v2\/pages\/682","targetHints":{"allow":["GET"]}}],"collection":[{"href":"https:\/\/www.salgotarjan.hu\/index.php?rest_route=\/wp\/v2\/pages"}],"about":[{"href":"https:\/\/www.salgotarjan.hu\/index.php?rest_route=\/wp\/v2\/types\/page"}],"author":[{"embeddable":true,"href":"https:\/\/www.salgotarjan.hu\/index.php?rest_route=\/wp\/v2\/users\/7"}],"replies":[{"embeddable":true,"href":"https:\/\/www.salgotarjan.hu\/index.php?rest_route=%2Fwp%2Fv2%2Fcomments&post=682"}],"version-history":[{"count":2,"href":"https:\/\/www.salgotarjan.hu\/index.php?rest_route=\/wp\/v2\/pages\/682\/revisions"}],"predecessor-version":[{"id":16652,"href":"https:\/\/www.salgotarjan.hu\/index.php?rest_route=\/wp\/v2\/pages\/682\/revisions\/16652"}],"wp:attachment":[{"href":"https:\/\/www.salgotarjan.hu\/index.php?rest_route=%2Fwp%2Fv2%2Fmedia&parent=682"}],"curies":[{"name":"wp","href":"https:\/\/api.w.org\/{rel}","templated":true}]}}