{"id":651,"date":"2015-01-22T12:48:24","date_gmt":"2015-01-22T11:48:24","guid":{"rendered":"http:\/\/www.salgotarjan.hu\/?page_id=651"},"modified":"2024-10-30T15:56:59","modified_gmt":"2024-10-30T14:56:59","slug":"kozgyules-videotar","status":"publish","type":"page","link":"https:\/\/www.salgotarjan.hu\/?page_id=651","title":{"rendered":"K\u00f6zgy\u0171l\u00e9s \/ K\u00f6zgy\u0171l\u00e9s vide\u00f3t\u00e1r"},"content":{"rendered":"<p><iframe loading=\"lazy\" title=\"K\u00f6zgy\u0171l\u00e9s vide\u00f3t\u00e1r\" src=\"https:\/\/www.youtube.com\/embed\/videoseries?si=iLcZLWHGnMTCfmZJ&amp;list=PLBxBjRgyQdTRx4laxpaVoSbLbtZmDPNn_\" width=\"560\" height=\"315\" frameborder=\"0\" allowfullscreen=\"allowfullscreen\"><\/iframe><\/p>\n<p>A lej\u00e1tsz\u00f3 jobb fels\u0151 r\u00e9sz\u00e9n l\u00e9v\u0151 &#8222;Lej\u00e1tsz\u00e1si lista&#8221; men\u00fcben kiv\u00e1laszthat\u00f3 a megtekinteni k\u00edv\u00e1nt vide\u00f3.<\/p>\n","protected":false},"excerpt":{"rendered":"<p>A lej\u00e1tsz\u00f3 jobb fels\u0151 r\u00e9sz\u00e9n l\u00e9v\u0151 &#8222;Lej\u00e1tsz\u00e1si lista&#8221; men\u00fcben kiv\u00e1laszthat\u00f3 a megtekinteni k\u00edv\u00e1nt vide\u00f3.<\/p>\n","protected":false},"author":7,"featured_media":0,"parent":0,"menu_order":0,"comment_status":"closed","ping_status":"closed","template":"","meta":{"footnotes":""},"class_list":["post-651","page","type-page","status-publish"],"_links":{"self":[{"href":"https:\/\/www.salgotarjan.hu\/index.php?rest_route=\/wp\/v2\/pages\/651","targetHints":{"allow":["GET"]}}],"collection":[{"href":"https:\/\/www.salgotarjan.hu\/index.php?rest_route=\/wp\/v2\/pages"}],"about":[{"href":"https:\/\/www.salgotarjan.hu\/index.php?rest_route=\/wp\/v2\/types\/page"}],"author":[{"embeddable":true,"href":"https:\/\/www.salgotarjan.hu\/index.php?rest_route=\/wp\/v2\/users\/7"}],"replies":[{"embeddable":true,"href":"https:\/\/www.salgotarjan.hu\/index.php?rest_route=%2Fwp%2Fv2%2Fcomments&post=651"}],"version-history":[{"count":1,"href":"https:\/\/www.salgotarjan.hu\/index.php?rest_route=\/wp\/v2\/pages\/651\/revisions"}],"predecessor-version":[{"id":15440,"href":"https:\/\/www.salgotarjan.hu\/index.php?rest_route=\/wp\/v2\/pages\/651\/revisions\/15440"}],"wp:attachment":[{"href":"https:\/\/www.salgotarjan.hu\/index.php?rest_route=%2Fwp%2Fv2%2Fmedia&parent=651"}],"curies":[{"name":"wp","href":"https:\/\/api.w.org\/{rel}","templated":true}]}}