{"id":5924,"date":"2017-03-14T09:32:39","date_gmt":"2017-03-14T08:32:39","guid":{"rendered":"https:\/\/www.salgotarjan.hu\/?page_id=5924"},"modified":"2023-07-15T10:47:32","modified_gmt":"2023-07-15T08:47:32","slug":"telepulesrendezesi-eszkozok","status":"publish","type":"page","link":"https:\/\/www.salgotarjan.hu\/?page_id=5924","title":{"rendered":"Telep\u00fcl\u00e9srendez\u00e9si eszk\u00f6z\u00f6k"},"content":{"rendered":"\n<p><a href=\"https:\/\/www.salgotarjan.hu\/wp-content\/uploads\/telepulesrendezesieszkozok_20201106_oroksegvedelmi_hatastanulmany.pdf\" target=\"_blank\" rel=\"noopener noreferrer\">Salg\u00f3tarj\u00e1n Megyei Jog\u00fa V\u00e1ros \u00d6r\u00f6ks\u00e9gv\u00e9delmi hat\u00e1stanulm\u00e1nya<\/a> (pdf)<\/p>\n\n\n\n<p><a href=\"https:\/\/www.salgotarjan.hu\/wp-content\/uploads\/telepulesrendezesieszkozok_20201106_regeszeti_munkaresz.pdf\" target=\"_blank\" rel=\"noopener noreferrer\">\u00d6r\u00f6ks\u00e9gv\u00e9delmi hat\u00e1stanulm\u00e1ny a 2444_3 hrsz.-\u00fa r\u00e9szter\u00fcletre<\/a>&nbsp;(pdf)<\/p>\n\n\n\n<p><a href=\"https:\/\/www.salgotarjan.hu\/wp-content\/uploads\/telepulesrendezesieszkozok_20210513_oroksegvedelmi_hatastanulmany_2645_hrsz.pdf\" target=\"_blank\" rel=\"noopener noreferrer\">\u00d6r\u00f6ks\u00e9gv\u00e9delmi hat\u00e1stanulm\u00e1ny a 2645 hrsz.-\u00fa r\u00e9szter\u00fcletre<\/a>&nbsp;(pdf)<\/p>\n\n\n\n<p><a href=\"https:\/\/www.salgotarjan.hu\/wp-content\/uploads\/telepulesrendezesieszkozok_20210513_oroksegvedelmi_hatastanulmany_2645_hrsz_terkepek.pdf\" target=\"_blank\" rel=\"noopener noreferrer\">\u00d6r\u00f6ks\u00e9gv\u00e9delmi hat\u00e1stanulm\u00e1ny t\u00e9rk\u00e9pek a 2645 hrsz.-\u00fa r\u00e9szter\u00fcletre<\/a>&nbsp;(pdf)<\/p>\n","protected":false},"excerpt":{"rendered":"<p>Salg\u00f3tarj\u00e1n Megyei Jog\u00fa V\u00e1ros \u00d6r\u00f6ks\u00e9gv\u00e9delmi hat\u00e1stanulm\u00e1nya (pdf) \u00d6r\u00f6ks\u00e9gv\u00e9delmi hat\u00e1stanulm\u00e1ny a 2444_3 hrsz.-\u00fa r\u00e9szter\u00fcletre&nbsp;(pdf) \u00d6r\u00f6ks\u00e9gv\u00e9delmi hat\u00e1stanulm\u00e1ny a 2645 hrsz.-\u00fa r\u00e9szter\u00fcletre&nbsp;(pdf) \u00d6r\u00f6ks\u00e9gv\u00e9delmi hat\u00e1stanulm\u00e1ny t\u00e9rk\u00e9pek a 2645 hrsz.-\u00fa r\u00e9szter\u00fcletre&nbsp;(pdf)<\/p>\n","protected":false},"author":7,"featured_media":0,"parent":0,"menu_order":0,"comment_status":"closed","ping_status":"closed","template":"","meta":{"footnotes":""},"class_list":["post-5924","page","type-page","status-publish"],"_links":{"self":[{"href":"https:\/\/www.salgotarjan.hu\/index.php?rest_route=\/wp\/v2\/pages\/5924","targetHints":{"allow":["GET"]}}],"collection":[{"href":"https:\/\/www.salgotarjan.hu\/index.php?rest_route=\/wp\/v2\/pages"}],"about":[{"href":"https:\/\/www.salgotarjan.hu\/index.php?rest_route=\/wp\/v2\/types\/page"}],"author":[{"embeddable":true,"href":"https:\/\/www.salgotarjan.hu\/index.php?rest_route=\/wp\/v2\/users\/7"}],"replies":[{"embeddable":true,"href":"https:\/\/www.salgotarjan.hu\/index.php?rest_route=%2Fwp%2Fv2%2Fcomments&post=5924"}],"version-history":[{"count":1,"href":"https:\/\/www.salgotarjan.hu\/index.php?rest_route=\/wp\/v2\/pages\/5924\/revisions"}],"predecessor-version":[{"id":14223,"href":"https:\/\/www.salgotarjan.hu\/index.php?rest_route=\/wp\/v2\/pages\/5924\/revisions\/14223"}],"wp:attachment":[{"href":"https:\/\/www.salgotarjan.hu\/index.php?rest_route=%2Fwp%2Fv2%2Fmedia&parent=5924"}],"curies":[{"name":"wp","href":"https:\/\/api.w.org\/{rel}","templated":true}]}}