{"id":5918,"date":"2017-03-13T16:39:38","date_gmt":"2017-03-13T15:39:38","guid":{"rendered":"https:\/\/www.salgotarjan.hu\/?page_id=5918"},"modified":"2019-03-29T10:39:37","modified_gmt":"2019-03-29T09:39:37","slug":"adougyek","status":"publish","type":"page","link":"https:\/\/www.salgotarjan.hu\/?page_id=5918","title":{"rendered":"Ad\u00f3\u00fcgyek"},"content":{"rendered":"<p style=\"text-align: center;\"><a href=\"https:\/\/www.salgotarjan.hu\/wp-content\/uploads\/fajl_adougyek_20190328_tajekoztato.pdf\" target=\"_blank\" rel=\"noopener noreferrer\">T\u00e1j\u00e9koztat\u00f3 az \u00faj \u00d6nkorm\u00e1nyzati Hivatali Port\u00e1lr\u00f3l<\/a> (pdf)<\/p>\n<p style=\"text-align: center;\"><a href=\"https:\/\/www.salgotarjan.hu\/wp-content\/uploads\/fajl_adougyek_20190328_tajekoztato_urlapmasolat.pdf\" target=\"_blank\" rel=\"noopener noreferrer\">T\u00e1j\u00e9koztat\u00e1s \u00fcgyf\u00e9l t\u00e1rhely\u00e9re \u00e9rkez\u0151 \u0171rlapm\u00e1solat kezel\u00e9s\u00e9r\u0151l<\/a> (pdf)<\/p>\n\n\n<p><div style=\"padding:20px;margin:20px;text-align:center\">\n<a href=\"https:\/\/ohp.asp.lgov.hu\/\" target=\"_blank\" style=\"padding:20px;margin:20px;background-color:#ccc\" rel=\"noopener noreferrer\">Online \u00fcgyint\u00e9z\u00e9s<\/a>\n<a href=\"http:\/\/www.kozadat.salgotarjan.hu\/?module=news&#038;action=list&#038;fname=ugyek_ado#MIDDLE\" target=\"_blank\" style=\"padding:20px;margin:20px;background-color:#ccc\" rel=\"noopener noreferrer\">Hagyom\u00e1nyos \u00fcgyint\u00e9z\u00e9s<\/a><\/div>\n<\/p>\n","protected":false},"excerpt":{"rendered":"<p>T\u00e1j\u00e9koztat\u00f3 az \u00faj \u00d6nkorm\u00e1nyzati Hivatali Port\u00e1lr\u00f3l (pdf) T\u00e1j\u00e9koztat\u00e1s \u00fcgyf\u00e9l t\u00e1rhely\u00e9re \u00e9rkez\u0151 \u0171rlapm\u00e1solat kezel\u00e9s\u00e9r\u0151l (pdf) Online \u00fcgyint\u00e9z\u00e9s Hagyom\u00e1nyos \u00fcgyint\u00e9z\u00e9s<\/p>\n","protected":false},"author":7,"featured_media":0,"parent":0,"menu_order":0,"comment_status":"closed","ping_status":"closed","template":"","meta":{"footnotes":""},"class_list":["post-5918","page","type-page","status-publish"],"_links":{"self":[{"href":"https:\/\/www.salgotarjan.hu\/index.php?rest_route=\/wp\/v2\/pages\/5918","targetHints":{"allow":["GET"]}}],"collection":[{"href":"https:\/\/www.salgotarjan.hu\/index.php?rest_route=\/wp\/v2\/pages"}],"about":[{"href":"https:\/\/www.salgotarjan.hu\/index.php?rest_route=\/wp\/v2\/types\/page"}],"author":[{"embeddable":true,"href":"https:\/\/www.salgotarjan.hu\/index.php?rest_route=\/wp\/v2\/users\/7"}],"replies":[{"embeddable":true,"href":"https:\/\/www.salgotarjan.hu\/index.php?rest_route=%2Fwp%2Fv2%2Fcomments&post=5918"}],"version-history":[{"count":1,"href":"https:\/\/www.salgotarjan.hu\/index.php?rest_route=\/wp\/v2\/pages\/5918\/revisions"}],"predecessor-version":[{"id":9259,"href":"https:\/\/www.salgotarjan.hu\/index.php?rest_route=\/wp\/v2\/pages\/5918\/revisions\/9259"}],"wp:attachment":[{"href":"https:\/\/www.salgotarjan.hu\/index.php?rest_route=%2Fwp%2Fv2%2Fmedia&parent=5918"}],"curies":[{"name":"wp","href":"https:\/\/api.w.org\/{rel}","templated":true}]}}