{"id":3584,"date":"2016-03-29T09:53:52","date_gmt":"2016-03-29T08:53:52","guid":{"rendered":"http:\/\/www.salgotarjan.hu\/?page_id=3584"},"modified":"2016-12-02T20:16:30","modified_gmt":"2016-12-02T19:16:30","slug":"projektek-emop-3-1-1-12-2013-0015","status":"publish","type":"page","link":"https:\/\/www.salgotarjan.hu\/?page_id=3584","title":{"rendered":"Projektek \/ Projektek 2007-2013 \/ \u00c9MOP-3.1.1-12-2013-0015"},"content":{"rendered":"<p><a href=\"https:\/\/www.salgotarjan.hu\/wp-content\/uploads\/fajl_projektek_20151220_emop-3-1-1-12-2013-0015_zaro_sajtokozmeleny.pdf\">Z\u00e1r\u00f3 sajt\u00f3k\u00f6zlem\u00e9ny<\/a> (pdf)<\/p>\n","protected":false},"excerpt":{"rendered":"<p>Z\u00e1r\u00f3 sajt\u00f3k\u00f6zlem\u00e9ny (pdf)<\/p>\n","protected":false},"author":7,"featured_media":0,"parent":0,"menu_order":0,"comment_status":"closed","ping_status":"closed","template":"","meta":{"footnotes":""},"class_list":["post-3584","page","type-page","status-publish"],"_links":{"self":[{"href":"https:\/\/www.salgotarjan.hu\/index.php?rest_route=\/wp\/v2\/pages\/3584","targetHints":{"allow":["GET"]}}],"collection":[{"href":"https:\/\/www.salgotarjan.hu\/index.php?rest_route=\/wp\/v2\/pages"}],"about":[{"href":"https:\/\/www.salgotarjan.hu\/index.php?rest_route=\/wp\/v2\/types\/page"}],"author":[{"embeddable":true,"href":"https:\/\/www.salgotarjan.hu\/index.php?rest_route=\/wp\/v2\/users\/7"}],"replies":[{"embeddable":true,"href":"https:\/\/www.salgotarjan.hu\/index.php?rest_route=%2Fwp%2Fv2%2Fcomments&post=3584"}],"version-history":[{"count":4,"href":"https:\/\/www.salgotarjan.hu\/index.php?rest_route=\/wp\/v2\/pages\/3584\/revisions"}],"predecessor-version":[{"id":5248,"href":"https:\/\/www.salgotarjan.hu\/index.php?rest_route=\/wp\/v2\/pages\/3584\/revisions\/5248"}],"wp:attachment":[{"href":"https:\/\/www.salgotarjan.hu\/index.php?rest_route=%2Fwp%2Fv2%2Fmedia&parent=3584"}],"curies":[{"name":"wp","href":"https:\/\/api.w.org\/{rel}","templated":true}]}}