{"id":3577,"date":"2016-03-29T09:50:47","date_gmt":"2016-03-29T08:50:47","guid":{"rendered":"http:\/\/www.salgotarjan.hu\/?page_id=3577"},"modified":"2016-12-02T20:16:17","modified_gmt":"2016-12-02T19:16:17","slug":"projektek-emop-2-1-1a-12-k2-2012-0001","status":"publish","type":"page","link":"https:\/\/www.salgotarjan.hu\/?page_id=3577","title":{"rendered":"Projektek \/ Projektek 2007-2013 \/ \u00c9MOP-2.1.1\/A-12-k2-2012-0001"},"content":{"rendered":"<p><a href=\"https:\/\/www.salgotarjan.hu\/wp-content\/uploads\/fajl_projektek_20151220_emop-2-1-1-a-12-k2-2012-0001_sajtokozlemeny.pdf\">Sajt\u00f3k\u00f6zlem\u00e9ny<\/a> (pdf)<br \/>\n<a href=\"https:\/\/www.salgotarjan.hu\/wp-content\/uploads\/fajl_projektek_20151220_emop-2-1-1-a-12-k2-2012-0001_atado_sajtokozlemeny.pdf\">\u00c1tad\u00f3 sajt\u00f3k\u00f6zlem\u00e9ny<\/a> (pdf)<br \/>\n<a href=\"https:\/\/www.salgotarjan.hu\/wp-content\/uploads\/fajl_projektek_20151220_emop-2-1-1-a-12-k2-2012-0001_projektzaro_sajtokozlemeny.pdf\">Projektz\u00e1r\u00f3 sajt\u00f3k\u00f6zlem\u00e9ny<\/a> (pdf)<\/p>\n","protected":false},"excerpt":{"rendered":"<p>Sajt\u00f3k\u00f6zlem\u00e9ny (pdf) \u00c1tad\u00f3 sajt\u00f3k\u00f6zlem\u00e9ny (pdf) Projektz\u00e1r\u00f3 sajt\u00f3k\u00f6zlem\u00e9ny (pdf)<\/p>\n","protected":false},"author":7,"featured_media":0,"parent":0,"menu_order":0,"comment_status":"closed","ping_status":"closed","template":"","meta":{"footnotes":""},"class_list":["post-3577","page","type-page","status-publish"],"_links":{"self":[{"href":"https:\/\/www.salgotarjan.hu\/index.php?rest_route=\/wp\/v2\/pages\/3577","targetHints":{"allow":["GET"]}}],"collection":[{"href":"https:\/\/www.salgotarjan.hu\/index.php?rest_route=\/wp\/v2\/pages"}],"about":[{"href":"https:\/\/www.salgotarjan.hu\/index.php?rest_route=\/wp\/v2\/types\/page"}],"author":[{"embeddable":true,"href":"https:\/\/www.salgotarjan.hu\/index.php?rest_route=\/wp\/v2\/users\/7"}],"replies":[{"embeddable":true,"href":"https:\/\/www.salgotarjan.hu\/index.php?rest_route=%2Fwp%2Fv2%2Fcomments&post=3577"}],"version-history":[{"count":4,"href":"https:\/\/www.salgotarjan.hu\/index.php?rest_route=\/wp\/v2\/pages\/3577\/revisions"}],"predecessor-version":[{"id":5247,"href":"https:\/\/www.salgotarjan.hu\/index.php?rest_route=\/wp\/v2\/pages\/3577\/revisions\/5247"}],"wp:attachment":[{"href":"https:\/\/www.salgotarjan.hu\/index.php?rest_route=%2Fwp%2Fv2%2Fmedia&parent=3577"}],"curies":[{"name":"wp","href":"https:\/\/api.w.org\/{rel}","templated":true}]}}