{"id":3328,"date":"2016-02-15T10:06:11","date_gmt":"2016-02-15T09:06:11","guid":{"rendered":"http:\/\/www.salgotarjan.hu\/?page_id=3328"},"modified":"2022-06-29T16:50:00","modified_gmt":"2022-06-29T14:50:00","slug":"fejlesztesi-dokumentumok","status":"publish","type":"page","link":"https:\/\/www.salgotarjan.hu\/?page_id=3328","title":{"rendered":"Fejleszt\u00e9si dokumentumok"},"content":{"rendered":"\n<p><strong>Salg\u00f3tarj\u00e1n Megyei Jog\u00fa V\u00e1ros Integr\u00e1lt Telep\u00fcl\u00e9sfejleszt\u00e9si Strat\u00e9gi\u00e1ja 2022<\/strong>.<br><a href=\"https:\/\/www.salgotarjan.hu\/wp-content\/uploads\/fejlesztesidokumentumok_20220629_its.pdf\">let\u00f6lt\u00e9s<\/a> (pdf)<\/p>\n\n\n\n<p><strong>Salg\u00f3tarj\u00e1n Megyei Jog\u00fa V\u00e1ros Integr\u00e1lt Ter\u00fcleti Programja<\/strong><br><a rel=\"noopener noreferrer\" href=\"https:\/\/www.salgotarjan.hu\/wp-content\/uploads\/fejlesztesidokumentumok_20160215_salgotarjan_megyei_jogu_varos_integralt_teruleti_programja.pdf\" target=\"_blank\">let\u00f6lt\u00e9s<\/a> (pdf)<\/p>\n\n\n\n<p><strong>Salg\u00f3tarj\u00e1n Megyei Jog\u00fa V\u00e1ros Ter\u00fcletfejleszt\u00e9si Koncepci\u00f3ja<\/strong><br><a rel=\"noopener noreferrer\" href=\"https:\/\/www.salgotarjan.hu\/wp-content\/uploads\/fejlesztesidokumentumok_20160215_salgotarjan_megyei_jogu_varos_telepulesfejlesztesi_koncepcioja.pdf\" target=\"_blank\">let\u00f6lt\u00e9s<\/a> (pdf)<\/p>\n\n\n\n<p><strong>Salg\u00f3tarj\u00e1n Megyei Jog\u00fa V\u00e1ros Integr\u00e1lt Telep\u00fcl\u00e9sfejleszt\u00e9si Strat\u00e9gi\u00e1ja<\/strong><br><a rel=\"noopener noreferrer\" href=\"https:\/\/www.salgotarjan.hu\/wp-content\/uploads\/fejlesztesidokumentumok_20180420_salgotarjan_megyei_jogu_varos_telepulesfejlesztesi_strategiaja.pdf\" target=\"_blank\">let\u00f6lt\u00e9s<\/a> (pdf)<\/p>\n\n\n\n<p><strong>Salg\u00f3tarj\u00e1n Telep\u00fcl\u00e9sk\u00e9pi Arculati K\u00e9zik\u00f6nyve<\/strong><br><a rel=\"noopener noreferrer\" href=\"https:\/\/www.salgotarjan.hu\/wp-content\/uploads\/fejlesztesidokumentumok_20180212_arculati_kezikonyv.pdf\" target=\"_blank\">let\u00f6lt\u00e9s<\/a> (pdf)<\/p>\n\n\n\n<p><strong>Salg\u00f3tarj\u00e1n 2030 &#8211; Gazdas\u00e1gfejleszt\u00e9si strat\u00e9gia<\/strong><br><a rel=\"noreferrer noopener\" href=\"https:\/\/www.salgotarjan.hu\/wp-content\/uploads\/fejlesztesidokumentumok_20210625_gazdasagfejlesztesi_strategia_2030.pdf\" target=\"_blank\">let\u00f6lt\u00e9s<\/a> (pdf)<\/p>\n","protected":false},"excerpt":{"rendered":"<p>Salg\u00f3tarj\u00e1n Megyei Jog\u00fa V\u00e1ros Integr\u00e1lt Telep\u00fcl\u00e9sfejleszt\u00e9si Strat\u00e9gi\u00e1ja 2022.let\u00f6lt\u00e9s (pdf) Salg\u00f3tarj\u00e1n Megyei Jog\u00fa V\u00e1ros Integr\u00e1lt Ter\u00fcleti Programjalet\u00f6lt\u00e9s (pdf) Salg\u00f3tarj\u00e1n Megyei Jog\u00fa V\u00e1ros Ter\u00fcletfejleszt\u00e9si Koncepci\u00f3jalet\u00f6lt\u00e9s (pdf) Salg\u00f3tarj\u00e1n Megyei Jog\u00fa V\u00e1ros Integr\u00e1lt Telep\u00fcl\u00e9sfejleszt\u00e9si Strat\u00e9gi\u00e1jalet\u00f6lt\u00e9s (pdf) Salg\u00f3tarj\u00e1n Telep\u00fcl\u00e9sk\u00e9pi Arculati K\u00e9zik\u00f6nyvelet\u00f6lt\u00e9s (pdf) Salg\u00f3tarj\u00e1n 2030 &#8211; Gazdas\u00e1gfejleszt\u00e9si strat\u00e9gialet\u00f6lt\u00e9s (pdf)<\/p>\n","protected":false},"author":7,"featured_media":0,"parent":0,"menu_order":0,"comment_status":"closed","ping_status":"closed","template":"","meta":{"footnotes":""},"class_list":["post-3328","page","type-page","status-publish"],"_links":{"self":[{"href":"https:\/\/www.salgotarjan.hu\/index.php?rest_route=\/wp\/v2\/pages\/3328","targetHints":{"allow":["GET"]}}],"collection":[{"href":"https:\/\/www.salgotarjan.hu\/index.php?rest_route=\/wp\/v2\/pages"}],"about":[{"href":"https:\/\/www.salgotarjan.hu\/index.php?rest_route=\/wp\/v2\/types\/page"}],"author":[{"embeddable":true,"href":"https:\/\/www.salgotarjan.hu\/index.php?rest_route=\/wp\/v2\/users\/7"}],"replies":[{"embeddable":true,"href":"https:\/\/www.salgotarjan.hu\/index.php?rest_route=%2Fwp%2Fv2%2Fcomments&post=3328"}],"version-history":[{"count":1,"href":"https:\/\/www.salgotarjan.hu\/index.php?rest_route=\/wp\/v2\/pages\/3328\/revisions"}],"predecessor-version":[{"id":13286,"href":"https:\/\/www.salgotarjan.hu\/index.php?rest_route=\/wp\/v2\/pages\/3328\/revisions\/13286"}],"wp:attachment":[{"href":"https:\/\/www.salgotarjan.hu\/index.php?rest_route=%2Fwp%2Fv2%2Fmedia&parent=3328"}],"curies":[{"name":"wp","href":"https:\/\/api.w.org\/{rel}","templated":true}]}}