{"id":24,"date":"2014-10-26T13:13:01","date_gmt":"2014-10-26T12:13:01","guid":{"rendered":"http:\/\/www.salgotarjan.hu\/?page_id=24"},"modified":"2025-03-11T09:36:51","modified_gmt":"2025-03-11T08:36:51","slug":"polgarmester","status":"publish","type":"page","link":"https:\/\/www.salgotarjan.hu\/?page_id=24","title":{"rendered":"Polg\u00e1rmester"},"content":{"rendered":"\n<div class=\"wp-block-group is-content-justification-center is-nowrap is-layout-flex wp-container-core-group-is-layout-94bc23d7 wp-block-group-is-layout-flex\">\n<div class=\"wp-block-group is-vertical is-content-justification-center is-layout-flex wp-container-core-group-is-layout-4b2eccd6 wp-block-group-is-layout-flex\">\n<figure class=\"wp-block-image size-full\"><img loading=\"lazy\" decoding=\"async\" width=\"240\" height=\"340\" src=\"https:\/\/www.salgotarjan.hu\/wp-content\/uploads\/kreicsi_balint.jpg\" alt=\"\" class=\"wp-image-15476\" srcset=\"https:\/\/www.salgotarjan.hu\/wp-content\/uploads\/kreicsi_balint.jpg 240w, https:\/\/www.salgotarjan.hu\/wp-content\/uploads\/kreicsi_balint-212x300.jpg 212w\" sizes=\"auto, (max-width: 240px) 100vw, 240px\" \/><\/figure>\n\n\n\n<h4 class=\"wp-block-heading\">Kreicsi B\u00e1lint<\/h4>\n\n\n\n<p>polg\u00e1rmester<\/p>\n<\/div>\n<\/div>\n\n\n\n<p><strong>El\u00e9rhet\u0151s\u00e9gek:<\/strong><\/p>\n\n\n\n<p>Salg\u00f3tarj\u00e1n Megyei Jog\u00fa V\u00e1ros Polg\u00e1rmesteri Hivatala<br>3100 Salg\u00f3tarj\u00e1n, M\u00fazeum t\u00e9r 1.<\/p>\n\n\n\n<p>Telefonsz\u00e1m: +36 32 522-940<br>Email: polgarmester@salgotarjan.hu<\/p>\n\n\n\n<p><strong>Fogad\u00f3\u00f3r\u00e1k:<\/strong><br><a href=\"https:\/\/www.salgotarjan.hu\/?page_id=231\">Fogad\u00f3\u00f3r\u00e1k id\u0151pontjai<\/a><\/p>\n","protected":false},"excerpt":{"rendered":"<p>Kreicsi B\u00e1lint polg\u00e1rmester El\u00e9rhet\u0151s\u00e9gek: Salg\u00f3tarj\u00e1n Megyei Jog\u00fa V\u00e1ros Polg\u00e1rmesteri Hivatala3100 Salg\u00f3tarj\u00e1n, M\u00fazeum t\u00e9r 1. Telefonsz\u00e1m: +36 32 522-940Email: polgarmester@salgotarjan.hu Fogad\u00f3\u00f3r\u00e1k:Fogad\u00f3\u00f3r\u00e1k id\u0151pontjai<\/p>\n","protected":false},"author":7,"featured_media":0,"parent":0,"menu_order":0,"comment_status":"closed","ping_status":"open","template":"","meta":{"footnotes":""},"class_list":["post-24","page","type-page","status-publish"],"_links":{"self":[{"href":"https:\/\/www.salgotarjan.hu\/index.php?rest_route=\/wp\/v2\/pages\/24","targetHints":{"allow":["GET"]}}],"collection":[{"href":"https:\/\/www.salgotarjan.hu\/index.php?rest_route=\/wp\/v2\/pages"}],"about":[{"href":"https:\/\/www.salgotarjan.hu\/index.php?rest_route=\/wp\/v2\/types\/page"}],"author":[{"embeddable":true,"href":"https:\/\/www.salgotarjan.hu\/index.php?rest_route=\/wp\/v2\/users\/7"}],"replies":[{"embeddable":true,"href":"https:\/\/www.salgotarjan.hu\/index.php?rest_route=%2Fwp%2Fv2%2Fcomments&post=24"}],"version-history":[{"count":1,"href":"https:\/\/www.salgotarjan.hu\/index.php?rest_route=\/wp\/v2\/pages\/24\/revisions"}],"predecessor-version":[{"id":15827,"href":"https:\/\/www.salgotarjan.hu\/index.php?rest_route=\/wp\/v2\/pages\/24\/revisions\/15827"}],"wp:attachment":[{"href":"https:\/\/www.salgotarjan.hu\/index.php?rest_route=%2Fwp%2Fv2%2Fmedia&parent=24"}],"curies":[{"name":"wp","href":"https:\/\/api.w.org\/{rel}","templated":true}]}}