{"id":2385,"date":"2015-10-09T10:00:20","date_gmt":"2015-10-09T09:00:20","guid":{"rendered":"http:\/\/www.salgotarjan.hu\/?page_id=2385"},"modified":"2024-09-21T12:28:53","modified_gmt":"2024-09-21T10:28:53","slug":"civil-szervezetek","status":"publish","type":"page","link":"https:\/\/www.salgotarjan.hu\/?page_id=2385","title":{"rendered":"Civil szervezetek"},"content":{"rendered":"\n<p>Salg\u00f3tarj\u00e1n Megyei Jog\u00fa V\u00e1ros \u00f6nkorm\u00e1nyzata lehet\u0151s\u00e9get biztos\u00edt a v\u00e1rosban m\u0171k\u00f6d\u0151 civil szervezeteknek internetes \u00e9s k\u00f6z\u00f6ss\u00e9gi m\u00e9dia el\u00e9rhet\u0151s\u00e9geinek megjelen\u00edt\u00e9s\u00e9hez ezen az oldalon. Az al\u00e1bbi oldalak tartalm\u00e1\u00e9rt az egyes szervezetek, egyes\u00fcletek tartoznak felel\u0151ss\u00e9ggel.<\/p>\n\n\n\n<p><a href=\"http:\/\/www.baglyasalja.hu\/baglyas\/\" target=\"_blank\" rel=\"noopener\">Baglyasalja Bar\u00e1tainak K\u00f6re<\/a><\/p>\n\n\n\n<p><a href=\"https:\/\/www.facebook.com\/Kistarj%C3%A1n-Egyes%C3%BClet-300084153509485\/timeline\/\" target=\"_blank\" rel=\"noopener\">Kistarj\u00e1n Egyes\u00fclet<\/a><\/p>\n\n\n\n<p><a href=\"http:\/\/kohaszhagyomany.hupont.hu\/\" target=\"_blank\" rel=\"noopener\">Koh\u00e1sz M\u0171vel\u0151d\u00e9si K\u00f6zpont K\u00f6zhaszn\u00fa Egyes\u00fclet<\/a><\/p>\n\n\n\n<p><a href=\"http:\/\/rakliga.hu\/alapszervezetek\/salgotarjani-alapszervezet\/\" target=\"_blank\" rel=\"noopener\">Magyar R\u00e1kellenes Liga Salg\u00f3tarj\u00e1ni Alapszervezete<\/a><\/p>\n\n\n\n<p><a href=\"http:\/\/www.fotoklub-nograd.hu\/\" target=\"_blank\" rel=\"noopener\">N\u00f3gr\u00e1d Megyei Fot\u00f3klub Egyes\u00fclet<\/a><\/p>\n\n\n\n<p><a href=\"http:\/\/nykoe.weebly.com\/\" target=\"_blank\" rel=\"noopener\">Nyitott K\u00f6nyv Olvas\u00f3k\u00f6r Egyes\u00fclet<\/a><\/p>\n\n\n\n<p><a href=\"http:\/\/www.nminyugdijasok.hu\/\" target=\"_blank\" rel=\"noopener\">Nyugd\u00edjasok N\u00f3gr\u00e1d Megyei Sz\u00f6vets\u00e9ge<\/a><\/p>\n\n\n\n<p><a href=\"http:\/\/www.nogradgeopark.eu\/\" target=\"_blank\" rel=\"noopener\">Novohrad-N\u00f3gr\u00e1d Geopark Nonprofit Kft.<\/a><\/p>\n\n\n\n<p><a href=\"http:\/\/www.stcivilalapitvany.eoldal.hu\/\" target=\"_blank\" rel=\"noopener\">Salg\u00f3tarj\u00e1ni Civilek\u00e9rt K\u00f6zhaszn\u00fa Alap\u00edtv\u00e1ny<\/a><\/p>\n\n\n\n<p><a href=\"http:\/\/www.civilkerekasztal.eoldal.hu\/\" target=\"_blank\" rel=\"noopener\">Salg\u00f3tarj\u00e1ni Civil Kerekasztal<\/a><br><br><a href=\"https:\/\/sinosz.hu\/nograd-megye\/\" target=\"_blank\" rel=\"noreferrer noopener\">Siketek \u00e9s Nagyothall\u00f3k Orsz\u00e1gos Sz\u00f6vets\u00e9ge<\/a><\/p>\n\n\n\n<p><a href=\"http:\/\/www.zute.hu\" target=\"_blank\" rel=\"noopener\">Z\u00f6ld \u00dat Term\u00e9szetj\u00e1r\u00f3k Egyes\u00fclete<\/a><\/p>\n","protected":false},"excerpt":{"rendered":"<p>Salg\u00f3tarj\u00e1n Megyei Jog\u00fa V\u00e1ros \u00f6nkorm\u00e1nyzata lehet\u0151s\u00e9get biztos\u00edt a v\u00e1rosban m\u0171k\u00f6d\u0151 civil szervezeteknek internetes \u00e9s k\u00f6z\u00f6ss\u00e9gi m\u00e9dia el\u00e9rhet\u0151s\u00e9geinek megjelen\u00edt\u00e9s\u00e9hez ezen az oldalon. Az al\u00e1bbi oldalak tartalm\u00e1\u00e9rt az egyes szervezetek, egyes\u00fcletek tartoznak felel\u0151ss\u00e9ggel. Baglyasalja Bar\u00e1tainak K\u00f6re Kistarj\u00e1n Egyes\u00fclet Koh\u00e1sz M\u0171vel\u0151d\u00e9si K\u00f6zpont K\u00f6zhaszn\u00fa Egyes\u00fclet Magyar R\u00e1kellenes Liga Salg\u00f3tarj\u00e1ni Alapszervezete N\u00f3gr\u00e1d Megyei Fot\u00f3klub Egyes\u00fclet Nyitott K\u00f6nyv Olvas\u00f3k\u00f6r Egyes\u00fclet Nyugd\u00edjasok &#8230; <a title=\"Civil szervezetek\" class=\"read-more\" href=\"https:\/\/www.salgotarjan.hu\/?page_id=2385\" aria-label=\"Read more about Civil szervezetek\">Olvass tov\u00e1bb<\/a><\/p>\n","protected":false},"author":7,"featured_media":0,"parent":0,"menu_order":0,"comment_status":"closed","ping_status":"closed","template":"","meta":{"footnotes":""},"class_list":["post-2385","page","type-page","status-publish"],"_links":{"self":[{"href":"https:\/\/www.salgotarjan.hu\/index.php?rest_route=\/wp\/v2\/pages\/2385","targetHints":{"allow":["GET"]}}],"collection":[{"href":"https:\/\/www.salgotarjan.hu\/index.php?rest_route=\/wp\/v2\/pages"}],"about":[{"href":"https:\/\/www.salgotarjan.hu\/index.php?rest_route=\/wp\/v2\/types\/page"}],"author":[{"embeddable":true,"href":"https:\/\/www.salgotarjan.hu\/index.php?rest_route=\/wp\/v2\/users\/7"}],"replies":[{"embeddable":true,"href":"https:\/\/www.salgotarjan.hu\/index.php?rest_route=%2Fwp%2Fv2%2Fcomments&post=2385"}],"version-history":[{"count":1,"href":"https:\/\/www.salgotarjan.hu\/index.php?rest_route=\/wp\/v2\/pages\/2385\/revisions"}],"predecessor-version":[{"id":15308,"href":"https:\/\/www.salgotarjan.hu\/index.php?rest_route=\/wp\/v2\/pages\/2385\/revisions\/15308"}],"wp:attachment":[{"href":"https:\/\/www.salgotarjan.hu\/index.php?rest_route=%2Fwp%2Fv2%2Fmedia&parent=2385"}],"curies":[{"name":"wp","href":"https:\/\/api.w.org\/{rel}","templated":true}]}}