{"id":2047,"date":"2015-09-01T09:53:49","date_gmt":"2015-09-01T08:53:49","guid":{"rendered":"http:\/\/www.salgotarjan.hu\/?page_id=2047"},"modified":"2017-01-12T10:05:29","modified_gmt":"2017-01-12T09:05:29","slug":"projekt-keop-4-10-0n14-2014-0449","status":"publish","type":"page","link":"https:\/\/www.salgotarjan.hu\/?page_id=2047","title":{"rendered":"Projektek \/ Projektek 2007-2013 \/ KEOP-4.10.0\/N\/14-2014-0449"},"content":{"rendered":"<p>Let\u00f6lthet\u0151 anyagok:<br \/>\n&#8211; <a href=\"https:\/\/www.salgotarjan.hu\/wp-content\/uploads\/fajl_projektek_20151220_keop-4-10-0-n-14-2014-0449_sajtokozlemeny.pdf\">sajt\u00f3k\u00f6zlem\u00e9ny<\/a> (pdf)<\/p>\n<p><img loading=\"lazy\" decoding=\"async\" src=\"https:\/\/www.salgotarjan.hu\/wp-content\/uploads\/fajl_projektek_20151220_keop-4-10-0-n-14-2014-0449_kep_1.jpg\" alt=\"\" width=\"480\" height=\"320\" class=\"alignnone size-full wp-image-2747\" \/><\/p>\n<p><img loading=\"lazy\" decoding=\"async\" src=\"https:\/\/www.salgotarjan.hu\/wp-content\/uploads\/fajl_projektek_20151220_keop-4-10-0-n-14-2014-0449_kep_2.jpg\" alt=\"\" width=\"480\" height=\"331\" class=\"alignnone size-full wp-image-2748\" \/><\/p>\n<p><img loading=\"lazy\" decoding=\"async\" src=\"https:\/\/www.salgotarjan.hu\/wp-content\/uploads\/fajl_projektek_20151220_keop-4-10-0-n-14-2014-0449_kep_3.jpg\" alt=\"\" width=\"480\" height=\"320\" class=\"alignnone size-full wp-image-2749\" \/><\/p>\n<p><img loading=\"lazy\" decoding=\"async\" src=\"https:\/\/www.salgotarjan.hu\/wp-content\/uploads\/fajl_projektek_20151220_keop-4-10-0-n-14-2014-0449_kep_4.jpg\" alt=\"\" width=\"480\" height=\"319\" class=\"alignnone size-full wp-image-2750\" \/><\/p>\n<p><img loading=\"lazy\" decoding=\"async\" src=\"https:\/\/www.salgotarjan.hu\/wp-content\/uploads\/fajl_projektek_20151220_keop-4-10-0-n-14-2014-0449_logo.jpg\" alt=\"\" width=\"480\" height=\"332\" class=\"alignnone size-full wp-image-2048\" \/><\/p>\n","protected":false},"excerpt":{"rendered":"<p>Let\u00f6lthet\u0151 anyagok: &#8211; sajt\u00f3k\u00f6zlem\u00e9ny (pdf)<\/p>\n","protected":false},"author":7,"featured_media":0,"parent":0,"menu_order":0,"comment_status":"closed","ping_status":"closed","template":"","meta":{"footnotes":""},"class_list":["post-2047","page","type-page","status-publish"],"_links":{"self":[{"href":"https:\/\/www.salgotarjan.hu\/index.php?rest_route=\/wp\/v2\/pages\/2047","targetHints":{"allow":["GET"]}}],"collection":[{"href":"https:\/\/www.salgotarjan.hu\/index.php?rest_route=\/wp\/v2\/pages"}],"about":[{"href":"https:\/\/www.salgotarjan.hu\/index.php?rest_route=\/wp\/v2\/types\/page"}],"author":[{"embeddable":true,"href":"https:\/\/www.salgotarjan.hu\/index.php?rest_route=\/wp\/v2\/users\/7"}],"replies":[{"embeddable":true,"href":"https:\/\/www.salgotarjan.hu\/index.php?rest_route=%2Fwp%2Fv2%2Fcomments&post=2047"}],"version-history":[{"count":3,"href":"https:\/\/www.salgotarjan.hu\/index.php?rest_route=\/wp\/v2\/pages\/2047\/revisions"}],"predecessor-version":[{"id":5491,"href":"https:\/\/www.salgotarjan.hu\/index.php?rest_route=\/wp\/v2\/pages\/2047\/revisions\/5491"}],"wp:attachment":[{"href":"https:\/\/www.salgotarjan.hu\/index.php?rest_route=%2Fwp%2Fv2%2Fmedia&parent=2047"}],"curies":[{"name":"wp","href":"https:\/\/api.w.org\/{rel}","templated":true}]}}