{"id":1845,"date":"2015-07-30T12:26:28","date_gmt":"2015-07-30T11:26:28","guid":{"rendered":"http:\/\/www.salgotarjan.hu\/?page_id=1845"},"modified":"2017-01-12T10:08:50","modified_gmt":"2017-01-12T09:08:50","slug":"projektek-2007-2013","status":"publish","type":"page","link":"https:\/\/www.salgotarjan.hu\/?page_id=1845","title":{"rendered":"Projektek \/ Projektek 2007-2013"},"content":{"rendered":"<p><strong>&#8222;GeoTur&#8221; &#8211; A Novohrad &#8211; N\u00f3gr\u00e1d Geopark \u00f6koturisztikai fejleszt\u00e9se<\/strong><br \/>\n\u00c9MOP-2.1.1\/A-12-k2-2012-0001<br \/>\n(<a href=\"https:\/\/www.salgotarjan.hu\/?page_id=3577\">r\u00e9szletek<\/a>)<\/p>\n<p><strong>A term\u00e9szettudom\u00e1nyos oktat\u00e1s m\u00f3dszertan\u00e1nak \u00e9s eszk\u00f6zrendszer\u00e9nek meg\u00faj\u00edt\u00e1sa a Bolyai J\u00e1nos Gimn\u00e1zium \u00e9s Szakk\u00f6z\u00e9piskol\u00e1ban<\/strong><br \/>\nT\u00c1MOP-3.1.3-11\/2-2012-0024<br \/>\n(<a href=\"https:\/\/www.salgotarjan.hu\/?page_id=3579\">r\u00e9szletek<\/a>)<\/p>\n<p><strong>Salg\u00f3tarj\u00e1n Megyei Jog\u00fa V\u00e1ros \u00d6nkorm\u00e1nyzat\u00e1nak szervezetfejleszt\u00e9se<\/strong><br \/>\n\u00c1ROP-1.A.5-2013-2013-0044<br \/>\n(<a href=\"https:\/\/www.salgotarjan.hu\/?page_id=3582\">r\u00e9szletek<\/a>)<\/p>\n<p><strong>Salg\u00f3tarj\u00e1n szoci\u00e1lis c\u00e9l\u00fa rehabilit\u00e1ci\u00f3ja \u2013 Ac\u00e9lgy\u00e1r-V\u00e1rosk\u00f6zpont<\/strong><br \/>\n\u00c9MOP-3.1.1-12-2013-0015<br \/>\n(<a href=\"https:\/\/www.salgotarjan.hu\/?page_id=3584\">r\u00e9szletek<\/a>)<\/p>\n<p><strong>Ter\u00fcleti egy\u00fcttm\u0171k\u00f6d\u00e9st seg\u00edt\u0151 programok kialak\u00edt\u00e1sa az<br \/>\n\u00f6nkorm\u00e1nyzatokn\u00e1l a konvergencia r\u00e9gi\u00f3kban<\/strong><br \/>\n\u00c1ROP-1.A.3-2014-2014-0091<br \/>\n(<a href=\"https:\/\/www.salgotarjan.hu\/?page_id=1379\">r\u00e9szletek<\/a>)<\/p>\n<p><strong>Napelemek telep\u00edt\u00e9se Salg\u00f3tarj\u00e1nban<\/strong><br \/>\nKEOP-4.10.0\/N\/14-2014-0449<br \/>\n(<a href=\"https:\/\/www.salgotarjan.hu\/?page_id=2047\">r\u00e9szletek<\/a>)<\/p>\n<p><strong>Salg\u00f3tarj\u00e1n Megyei Jog\u00fa V\u00e1ros K\u00f6zvil\u00e1g\u00edt\u00e1s\u00e1nak Korszer\u0171s\u00edt\u00e9se<\/strong><br \/>\nKEOP-5.5.0\/A\/12-2013-0497<br \/>\n(<a href=\"https:\/\/www.salgotarjan.hu\/?page_id=1343\">r\u00e9szletek<\/a>)<\/p>\n","protected":false},"excerpt":{"rendered":"<p>&#8222;GeoTur&#8221; &#8211; A Novohrad &#8211; N\u00f3gr\u00e1d Geopark \u00f6koturisztikai fejleszt\u00e9se \u00c9MOP-2.1.1\/A-12-k2-2012-0001 (r\u00e9szletek) A term\u00e9szettudom\u00e1nyos oktat\u00e1s m\u00f3dszertan\u00e1nak \u00e9s eszk\u00f6zrendszer\u00e9nek meg\u00faj\u00edt\u00e1sa a Bolyai J\u00e1nos Gimn\u00e1zium \u00e9s Szakk\u00f6z\u00e9piskol\u00e1ban T\u00c1MOP-3.1.3-11\/2-2012-0024 (r\u00e9szletek) Salg\u00f3tarj\u00e1n Megyei Jog\u00fa V\u00e1ros \u00d6nkorm\u00e1nyzat\u00e1nak szervezetfejleszt\u00e9se \u00c1ROP-1.A.5-2013-2013-0044 (r\u00e9szletek) Salg\u00f3tarj\u00e1n szoci\u00e1lis c\u00e9l\u00fa rehabilit\u00e1ci\u00f3ja \u2013 Ac\u00e9lgy\u00e1r-V\u00e1rosk\u00f6zpont \u00c9MOP-3.1.1-12-2013-0015 (r\u00e9szletek) Ter\u00fcleti egy\u00fcttm\u0171k\u00f6d\u00e9st seg\u00edt\u0151 programok kialak\u00edt\u00e1sa az \u00f6nkorm\u00e1nyzatokn\u00e1l a konvergencia r\u00e9gi\u00f3kban \u00c1ROP-1.A.3-2014-2014-0091 (r\u00e9szletek) Napelemek &#8230; <a title=\"Projektek \/ Projektek 2007-2013\" class=\"read-more\" href=\"https:\/\/www.salgotarjan.hu\/?page_id=1845\" aria-label=\"Read more about Projektek \/ Projektek 2007-2013\">Olvass tov\u00e1bb<\/a><\/p>\n","protected":false},"author":7,"featured_media":0,"parent":0,"menu_order":0,"comment_status":"closed","ping_status":"closed","template":"","meta":{"footnotes":""},"class_list":["post-1845","page","type-page","status-publish"],"_links":{"self":[{"href":"https:\/\/www.salgotarjan.hu\/index.php?rest_route=\/wp\/v2\/pages\/1845","targetHints":{"allow":["GET"]}}],"collection":[{"href":"https:\/\/www.salgotarjan.hu\/index.php?rest_route=\/wp\/v2\/pages"}],"about":[{"href":"https:\/\/www.salgotarjan.hu\/index.php?rest_route=\/wp\/v2\/types\/page"}],"author":[{"embeddable":true,"href":"https:\/\/www.salgotarjan.hu\/index.php?rest_route=\/wp\/v2\/users\/7"}],"replies":[{"embeddable":true,"href":"https:\/\/www.salgotarjan.hu\/index.php?rest_route=%2Fwp%2Fv2%2Fcomments&post=1845"}],"version-history":[{"count":2,"href":"https:\/\/www.salgotarjan.hu\/index.php?rest_route=\/wp\/v2\/pages\/1845\/revisions"}],"predecessor-version":[{"id":5496,"href":"https:\/\/www.salgotarjan.hu\/index.php?rest_route=\/wp\/v2\/pages\/1845\/revisions\/5496"}],"wp:attachment":[{"href":"https:\/\/www.salgotarjan.hu\/index.php?rest_route=%2Fwp%2Fv2%2Fmedia&parent=1845"}],"curies":[{"name":"wp","href":"https:\/\/api.w.org\/{rel}","templated":true}]}}