{"id":17016,"date":"2026-05-06T12:53:14","date_gmt":"2026-05-06T10:53:14","guid":{"rendered":"https:\/\/www.salgotarjan.hu\/?page_id=17016"},"modified":"2026-05-08T12:21:09","modified_gmt":"2026-05-08T10:21:09","slug":"rakocziut","status":"publish","type":"page","link":"https:\/\/www.salgotarjan.hu\/?page_id=17016","title":{"rendered":"T\u00e1j\u00e9koztat\u00e1s a R\u00e1k\u00f3czi \u00fat fel\u00faj\u00edt\u00e1s\u00e1val kapcsolatos aktu\u00e1lis korl\u00e1toz\u00e1sokr\u00f3l (2026. m\u00e1jus 11-17.)"},"content":{"rendered":"\n<p>A Csokonai \u00fati el\u00e1gaz\u00f3 \u00e9s a helyi busz\u00e1llom\u00e1s, tov\u00e1bb\u00e1 a g\u00e9pipari technikum \u00e9s a Bem \u00fati csom\u00f3pont k\u00f6z\u00f6tt meg\u00fajul az \u00fattest, a szeg\u00e9lyek, a padk\u00e1k, a j\u00e1rd\u00e1k, a parkol\u00f3k, ahol lehets\u00e9ges z\u00f6lds\u00e1vok l\u00e9tes\u00fclnek \u00e9s \u00faj v\u00edzvezet\u00e9k ki\u00e9p\u00edt\u00e9s\u00e9re is sor ker\u00fcl. Lesz olyan szakasz, ahol mindezeken fel\u00fcl az \u00fat alatt fut\u00f3 t\u00e1vh\u0151-, valamint szennyv\u00edzvezet\u00e9k is meg\u00fajul. Ezen az oldalon a fel\u00faj\u00edt\u00e1ssal kapcsolatos forgalomkorl\u00e1toz\u00e1sok folyamatosan aktualiz\u00e1lt inform\u00e1ci\u00f3t jelen\u00edti meg Salg\u00f3tarj\u00e1n Megyei Jog\u00fa V\u00e1ros \u00d6nkorm\u00e1nyzata.<\/p>\n\n\n\n<h2 class=\"wp-block-heading\"><strong>2026. m\u00e1jus 11. &#8211; 2026. m\u00e1jus 17.<\/strong><\/h2>\n\n\n\n<div style=\"height:10px\" aria-hidden=\"true\" class=\"wp-block-spacer\"><\/div>\n\n\n\n<center><iframe loading=\"lazy\" src=\"https:\/\/www.google.com\/maps\/d\/embed?mid=1urcwNLr5b6PadebCnluKgEefZI0Mv00&#038;ehbc=2E312F\" width=\"100%\" height=\"480\"><\/iframe><\/center>\n\n\n\n<div style=\"height:20px\" aria-hidden=\"true\" class=\"wp-block-spacer\"><\/div>\n\n\n\n<p><strong>Forgalomkorl\u00e1toz\u00e1sokkal kapcsolatos \u00e1ltal\u00e1nos inform\u00e1ci\u00f3k:<\/strong><\/p>\n\n\n\n<p>Ebben a kivitelez\u00e9si f\u00e1zisban k\u00e9t helysz\u00ednen v\u00e1rhat\u00f3 jelz\u0151l\u00e1mp\u00e1s vagy jelz\u0151\u0151r\u00f6s forgalomir\u00e1ny\u00edt\u00e1s, f\u00e9lp\u00e1ly\u00e1s \u00fatlez\u00e1r\u00e1s mellett:<\/p>\n\n\n\n<ul class=\"wp-block-list\">\n<li>az \u00e9szaki szakaszon a p\u00e1ratlan oldalon, a December 8. t\u00e9ri buszmeg\u00e1ll\u00f3t\u00f3l (Tan\u00e1cs \u00fati keresztez\u0151d\u00e9st\u0151l) indulva, folyamatosan el\u0151re halad\u00f3 munkav\u00e9gz\u00e9ssel az \u00dcvegf\u00fav\u00f3k szobor (\u00datt\u00f6r\u0151k \u00fati keresztez\u0151d\u00e9s) fel\u00e9;<\/li>\n\n\n\n<li>a d\u00e9li szakaszon a p\u00e1ros oldalon, a Csokonai \u00fati keresztez\u0151d\u00e9st\u0151l indulva, folymatosan el\u0151re halad\u00f3 munkav\u00e9gz\u00e9ssel a Baglyasi \u00fati keresztez\u0151d\u00e9s fel\u00e9.<\/li>\n<\/ul>\n\n\n\n<p>A Zagyvap\u00e1lfalva \u00e9s a v\u00e1rosk\u00f6zpont k\u00f6z\u00f6tti, \u00e1tmen\u0151 g\u00e9pj\u00e1rm\u0171forgalom sz\u00e1m\u00e1ra javasoljuk a 21-es \u00faton (Bajcsy-Zsilinszky \u00faton) val\u00f3 k\u00f6zleked\u00e9st.<\/p>\n\n\n\n<p><strong>Parkol\u00e1ssal \u00e9s gyalogos k\u00f6zleked\u00e9ssel kapcsolatos inform\u00e1ci\u00f3k:<\/strong><\/p>\n\n\n\n<ul class=\"wp-block-list\">\n<li>A Tan\u00e1cs \u00fati \u00e9s \u00datt\u00f6r\u0151k \u00fati keresztez\u0151d\u00e9sek k\u00f6z\u00f6tt, a Zagyvap\u00e1lfalva fel\u00e9 tart\u00f3 s\u00e1v melletti j\u00e1rd\u00e1n (p\u00e1ratlan oldal) parkol\u00e1si tilalom l\u00e9p \u00e9letbe. Lez\u00e1r\u00e1sra ker\u00fcl a j\u00e1rda is, a gyalogosforgalom a Megyeh\u00e1za oldal\u00e1n tal\u00e1lhat\u00f3 j\u00e1rd\u00e1n lesz lehets\u00e9ges.<\/li>\n\n\n\n<li>A Baglyasi \u00fati \u00e9s Csokonai \u00fati keresztez\u0151d\u00e9sek k\u00f6z\u00f6tt, a munk\u00e1k el\u0151rehalad\u00e1s\u00e1val p\u00e1rhuzamosan a Zagyvap\u00e1lfalva fel\u00e9 tart\u00f3 (p\u00e1ratlan) oldalon l\u00e9p majd \u00e9letbe parkol\u00e1si tilalom. A felszabadul\u00f3 hely a forgalom sz\u00e1m\u00e1ra lesz biztos\u00edtva annak \u00e9rdek\u00e9ben, hogy min\u00e9l hosszabb legyen az az id\u0151szak, amikor f\u00e9lp\u00e1ly\u00e1s lez\u00e1r\u00e1sok n\u00e9lk\u00fcl v\u00e9gzik a munk\u00e1latokat.<\/li>\n<\/ul>\n\n\n\n<p><strong>Forgalmi rend v\u00e1ltoz\u00e1sok a k\u00f6rny\u00e9kbeli utc\u00e1kban:<\/strong><\/p>\n\n\n\n<ul class=\"wp-block-list\">\n<li>A Szerpentin \u00fat Papberek \u00fat \u00e9s Meredek \u00fat k\u00f6z\u00f6tti szakasza egyir\u00e1ny\u00fav\u00e1 v\u00e1lik, a v\u00e1rosk\u00f6zpont fel\u00e9. A v\u00e1rhat\u00f3an 2026. m\u00e1jus 12-\u00e9n \u00e9letbe l\u00e9p\u0151 egyir\u00e1ny\u00fas\u00edt\u00e1ssal p\u00e1rhuzamosan \u00faj parkol\u00f3helyek \u00e1llnak majd rendelkez\u00e9sre az \u00fat jobb oldal\u00e1n.<\/li>\n<\/ul>\n\n\n\n<p><strong>T\u00f6megk\u00f6zleked\u00e9si inform\u00e1ci\u00f3k:<\/strong><\/p>\n\n\n\n<ul class=\"wp-block-list\">\n<li>A v\u00e1s\u00e1rt\u00e9ri (Zagyvap\u00e1lfalva ir\u00e1ny\u00e1ba vezet\u0151 oldalon tal\u00e1lhat\u00f3, December 8. t\u00e9ri) buszmeg\u00e1ll\u00f3t ideiglenesen \u00e1thelyezik a R\u00e1k\u00f3czi \u00fat 23. sz\u00e1m el\u00e9.<\/li>\n\n\n\n<li>A d\u00e9li szakaszon a v\u00e1rosk\u00f6zpont ir\u00e1ny\u00e1ba vezet\u0151 oldalon az \u00d3budai Egyetem meg\u00e1ll\u00f3helyet ideiglenesen \u00e1thelyezik Pal\u00f3c Tanya kisvend\u00e9gl\u0151 (R\u00e1k\u00f3czi \u00fat 172.) el\u00e9.<\/li>\n<\/ul>\n\n\n\n<p>A v\u00e1rhat\u00f3 torol\u00f3d\u00e1sok miatt a helyi j\u00e1rati aut\u00f3buszok menetrendj\u00e9ben k\u00e9s\u00e9sek el\u0151fordulhatnak.<\/p>\n\n\n\n<p><strong>K\u00f6zm\u0171vekkel kapcsolatos inform\u00e1ci\u00f3k:<\/strong><\/p>\n\n\n\n<ul class=\"wp-block-list\">\n<li>Az \u00faj v\u00edzvezet\u00e9kek ki\u00e9p\u00edt\u00e9se nem lesz \u00e9rdemi hat\u00e1ssal a R\u00e1k\u00f3czi \u00fat k\u00f6rny\u00e9ki fogyaszt\u00f3kra, mivel a kivitelez\u00e9s mag\u00e1ba foglalja egy ideiglenes, f\u00f6ldfelsz\u00edn feletti v\u00edzvezet\u00e9k ki\u00e9p\u00edt\u00e9s\u00e9t. A kivitelez\u00e9ssel \u00e9ppen \u00e9rintett szakaszokon r\u00f6vid ideig tart\u00f3 v\u00edzhi\u00e1ny csak akkor \u00e9s annyi id\u0151re fog el\u0151fordulni, am\u00edg a szakemberek a r\u00e9gi v\u00edzvezet\u00e9krendszerr\u0151l \u00e1tk\u00f6tik a v\u00edzell\u00e1t\u00e1st az ideigneles vezet\u00e9kre. Az ideiglenes vezet\u00e9ken kereszt\u00fcl t\u00f6rt\u00e9n\u0151 ell\u00e1t\u00e1s id\u0151szak\u00e1ban a v\u00edzszolg\u00e1ltat\u00e1s teh\u00e1t folyamatosan biztos\u00edtott lesz, de a ki\u00e9p\u00edtend\u0151 rendszer jelleg\u00e9b\u0151l fakad\u00f3an cs\u00f6kken\u00e9s v\u00edznyom\u00e1ssal tal\u00e1lkozhatnak a fogyaszt\u00f3k.<\/li>\n<\/ul>\n\n\n\n<div style=\"height:10px\" aria-hidden=\"true\" class=\"wp-block-spacer\"><\/div>\n\n\n\n<table>\n    <tr>\n        <td><center><iframe loading=\"lazy\" src=\"https:\/\/www.facebook.com\/plugins\/video.php?height=476&#038;href=https%3A%2F%2Fwww.facebook.com%2Freel%2F1504608941045078%2F&#038;show_text=true&#038;width=267&#038;t=0\" width=\"267\" height=\"700\" style=\"border:none;overflow:hidden\" scrolling=\"no\" frameborder=\"0\" allowfullscreen=\"true\" allow=\"autoplay; clipboard-write; encrypted-media; picture-in-picture; web-share\" allowFullScreen=\"true\"><\/iframe><\/center><\/td>\n        <td><center><\/center><\/td>\n    <\/tr>\n<\/table>\n\n\n\n<div style=\"height:10px\" aria-hidden=\"true\" class=\"wp-block-spacer\"><\/div>\n","protected":false},"excerpt":{"rendered":"<p>A Csokonai \u00fati el\u00e1gaz\u00f3 \u00e9s a helyi busz\u00e1llom\u00e1s, tov\u00e1bb\u00e1 a g\u00e9pipari technikum \u00e9s a Bem \u00fati csom\u00f3pont k\u00f6z\u00f6tt meg\u00fajul az \u00fattest, a szeg\u00e9lyek, a padk\u00e1k, a j\u00e1rd\u00e1k, a parkol\u00f3k, ahol lehets\u00e9ges z\u00f6lds\u00e1vok l\u00e9tes\u00fclnek \u00e9s \u00faj v\u00edzvezet\u00e9k ki\u00e9p\u00edt\u00e9s\u00e9re is sor ker\u00fcl. Lesz olyan szakasz, ahol mindezeken fel\u00fcl az \u00fat alatt fut\u00f3 t\u00e1vh\u0151-, valamint szennyv\u00edzvezet\u00e9k is meg\u00fajul. &#8230; <a title=\"T\u00e1j\u00e9koztat\u00e1s a R\u00e1k\u00f3czi \u00fat fel\u00faj\u00edt\u00e1s\u00e1val kapcsolatos aktu\u00e1lis korl\u00e1toz\u00e1sokr\u00f3l (2026. m\u00e1jus 11-17.)\" class=\"read-more\" href=\"https:\/\/www.salgotarjan.hu\/?page_id=17016\" aria-label=\"Read more about T\u00e1j\u00e9koztat\u00e1s a R\u00e1k\u00f3czi \u00fat fel\u00faj\u00edt\u00e1s\u00e1val kapcsolatos aktu\u00e1lis korl\u00e1toz\u00e1sokr\u00f3l (2026. m\u00e1jus 11-17.)\">Olvass tov\u00e1bb<\/a><\/p>\n","protected":false},"author":9,"featured_media":0,"parent":0,"menu_order":0,"comment_status":"closed","ping_status":"closed","template":"","meta":{"footnotes":""},"class_list":["post-17016","page","type-page","status-publish"],"_links":{"self":[{"href":"https:\/\/www.salgotarjan.hu\/index.php?rest_route=\/wp\/v2\/pages\/17016","targetHints":{"allow":["GET"]}}],"collection":[{"href":"https:\/\/www.salgotarjan.hu\/index.php?rest_route=\/wp\/v2\/pages"}],"about":[{"href":"https:\/\/www.salgotarjan.hu\/index.php?rest_route=\/wp\/v2\/types\/page"}],"author":[{"embeddable":true,"href":"https:\/\/www.salgotarjan.hu\/index.php?rest_route=\/wp\/v2\/users\/9"}],"replies":[{"embeddable":true,"href":"https:\/\/www.salgotarjan.hu\/index.php?rest_route=%2Fwp%2Fv2%2Fcomments&post=17016"}],"version-history":[{"count":1,"href":"https:\/\/www.salgotarjan.hu\/index.php?rest_route=\/wp\/v2\/pages\/17016\/revisions"}],"predecessor-version":[{"id":17060,"href":"https:\/\/www.salgotarjan.hu\/index.php?rest_route=\/wp\/v2\/pages\/17016\/revisions\/17060"}],"wp:attachment":[{"href":"https:\/\/www.salgotarjan.hu\/index.php?rest_route=%2Fwp%2Fv2%2Fmedia&parent=17016"}],"curies":[{"name":"wp","href":"https:\/\/api.w.org\/{rel}","templated":true}]}}