{"id":1682,"date":"2015-07-05T17:38:12","date_gmt":"2015-07-05T16:38:12","guid":{"rendered":"http:\/\/www.salgotarjan.hu\/?page_id=1682"},"modified":"2021-12-17T15:42:29","modified_gmt":"2021-12-17T14:42:29","slug":"gyogyszertarak","status":"publish","type":"page","link":"https:\/\/www.salgotarjan.hu\/?page_id=1682","title":{"rendered":"Eg\u00e9szs\u00e9g\u00fcgy \/ Gy\u00f3gyszert\u00e1rak"},"content":{"rendered":"\n<p>Gy\u00f3gyszert\u00e1r \u00e9s gy\u00f3gyszert\u00e1ri \u00fcgyelet keres\u0151: <a href=\"https:\/\/ogyei.gov.hu\/gyogyszertarkereso\" target=\"_blank\" rel=\"noopener noreferrer\">ogyei.gov.hu\/gyogyszertarkereso<\/a><\/p>\n\n\n\n<p><strong>Besztercei Gy\u00f3gyszert\u00e1r<\/strong><br>C\u00edm: Salg\u00f3tarj\u00e1n, Beszterce t\u00e9r 1.<br>Telefon : <a href=\"tel:+3632430378\">32 430-378<\/a><\/p>\n\n\n\n<p><strong>Fagy\u00f6ngy Gy\u00f3gyszert\u00e1r<\/strong><br>C\u00edm: Salg\u00f3tarj\u00e1n, Budapesti \u00fat 57.<br>Telefon: <a href=\"tel:+3632440597\">32 440-597<\/a><\/p>\n\n\n\n<p><strong>Kamilla Gy\u00f3gyszert\u00e1r<\/strong><br>C\u00edm: Salg\u00f3tarj\u00e1n, F\u0151 t\u00e9r 2.<br>Telefon: <a href=\"tel:+3632423172\">32 423-172<\/a>, <a href=\"tel:+3632314932\">32 314-932<\/a><\/p>\n\n\n\n<p><strong>Margar\u00e9ta Gy\u00f3gyszert\u00e1r<\/strong><br>C\u00edm: Salg\u00f3tarj\u00e1n, R\u00e1k\u00f3czi \u00fat 47.<br>Telefon: <a href=\"tel:+3632411560\">32\u00a0411-560<\/a><\/p>\n\n\n\n<p><strong>P\u00e9csk\u0151 Gy\u00f3gyszert\u00e1r <br><\/strong>C\u00edm: Salg\u00f3tarj\u00e1n, R\u00e1k\u00f3czi \u00fat 20.<br>Telefon: <a href=\"tel:+3632511450\">32 511-450<\/a><\/p>\n\n\n\n<p><strong>Szent Benedek Gy\u00f3gyszert\u00e1r<\/strong><br>C\u00edm: Salg\u00f3tarj\u00e1n, Bem J\u00f3zsef \u00fat 14-16.<br>Telefon: <a href=\"tel:+3632511510\">32 511-510<\/a><\/p>\n\n\n\n<p><strong>Patika Plusz Gy\u00f3gyszert\u00e1r<\/strong><br>C\u00edm: Salg\u00f3tarj\u00e1n, R\u00e1k\u00f3czi \u00fat 143<br>Telefon: <a href=\"tel:+3632511385\">32 511\u00a0385<\/a><\/p>\n\n\n\n<p><strong>Csillagvir\u00e1g Gy\u00f3gyszert\u00e1r<\/strong><br>C\u00edm: Salg\u00f3tarj\u00e1n, Ady E. \u00fat 1.<br>Tel: <a href=\"tel:+3632310200\">32 310 200<\/a><\/p>\n\n\n\n<p><strong>Levendula Gy\u00f3gyszert\u00e1r (Szent L\u00e1z\u00e1r Megyei K\u00f3rh\u00e1z)<\/strong><br>C\u00edm: Salg\u00f3tarj\u00e1n, F\u00fcleki \u00fat 54\/56<br>Telefon: <a href=\"tel:+3632513510\">32 513-510<\/a>, <a href=\"tel:+3632513516\">32 513-516<\/a><\/p>\n","protected":false},"excerpt":{"rendered":"<p>Gy\u00f3gyszert\u00e1r \u00e9s gy\u00f3gyszert\u00e1ri \u00fcgyelet keres\u0151: ogyei.gov.hu\/gyogyszertarkereso Besztercei Gy\u00f3gyszert\u00e1rC\u00edm: Salg\u00f3tarj\u00e1n, Beszterce t\u00e9r 1.Telefon : 32 430-378 Fagy\u00f6ngy Gy\u00f3gyszert\u00e1rC\u00edm: Salg\u00f3tarj\u00e1n, Budapesti \u00fat 57.Telefon: 32 440-597 Kamilla Gy\u00f3gyszert\u00e1rC\u00edm: Salg\u00f3tarj\u00e1n, F\u0151 t\u00e9r 2.Telefon: 32 423-172, 32 314-932 Margar\u00e9ta Gy\u00f3gyszert\u00e1rC\u00edm: Salg\u00f3tarj\u00e1n, R\u00e1k\u00f3czi \u00fat 47.Telefon: 32\u00a0411-560 P\u00e9csk\u0151 Gy\u00f3gyszert\u00e1r C\u00edm: Salg\u00f3tarj\u00e1n, R\u00e1k\u00f3czi \u00fat 20.Telefon: 32 511-450 Szent Benedek Gy\u00f3gyszert\u00e1rC\u00edm: Salg\u00f3tarj\u00e1n, Bem J\u00f3zsef &#8230; <a title=\"Eg\u00e9szs\u00e9g\u00fcgy \/ Gy\u00f3gyszert\u00e1rak\" class=\"read-more\" href=\"https:\/\/www.salgotarjan.hu\/?page_id=1682\" aria-label=\"Read more about Eg\u00e9szs\u00e9g\u00fcgy \/ Gy\u00f3gyszert\u00e1rak\">Olvass tov\u00e1bb<\/a><\/p>\n","protected":false},"author":7,"featured_media":0,"parent":0,"menu_order":0,"comment_status":"closed","ping_status":"closed","template":"","meta":{"footnotes":""},"class_list":["post-1682","page","type-page","status-publish"],"_links":{"self":[{"href":"https:\/\/www.salgotarjan.hu\/index.php?rest_route=\/wp\/v2\/pages\/1682","targetHints":{"allow":["GET"]}}],"collection":[{"href":"https:\/\/www.salgotarjan.hu\/index.php?rest_route=\/wp\/v2\/pages"}],"about":[{"href":"https:\/\/www.salgotarjan.hu\/index.php?rest_route=\/wp\/v2\/types\/page"}],"author":[{"embeddable":true,"href":"https:\/\/www.salgotarjan.hu\/index.php?rest_route=\/wp\/v2\/users\/7"}],"replies":[{"embeddable":true,"href":"https:\/\/www.salgotarjan.hu\/index.php?rest_route=%2Fwp%2Fv2%2Fcomments&post=1682"}],"version-history":[{"count":1,"href":"https:\/\/www.salgotarjan.hu\/index.php?rest_route=\/wp\/v2\/pages\/1682\/revisions"}],"predecessor-version":[{"id":12565,"href":"https:\/\/www.salgotarjan.hu\/index.php?rest_route=\/wp\/v2\/pages\/1682\/revisions\/12565"}],"wp:attachment":[{"href":"https:\/\/www.salgotarjan.hu\/index.php?rest_route=%2Fwp%2Fv2%2Fmedia&parent=1682"}],"curies":[{"name":"wp","href":"https:\/\/api.w.org\/{rel}","templated":true}]}}