{"id":16423,"date":"2025-11-04T10:14:54","date_gmt":"2025-11-04T09:14:54","guid":{"rendered":"https:\/\/www.salgotarjan.hu\/?page_id=16423"},"modified":"2025-11-05T14:22:01","modified_gmt":"2025-11-05T13:22:01","slug":"versenykepes-jarasok-program","status":"publish","type":"page","link":"https:\/\/www.salgotarjan.hu\/?page_id=16423","title":{"rendered":"Versenyk\u00e9pes J\u00e1r\u00e1sok Program"},"content":{"rendered":"<div class=\"wp-block-image\">\n<figure class=\"aligncenter size-medium\"><img loading=\"lazy\" decoding=\"async\" width=\"300\" height=\"229\" src=\"https:\/\/www.salgotarjan.hu\/wp-content\/uploads\/vjp_logo-300x229.png\" alt=\"\" class=\"wp-image-16341\" srcset=\"https:\/\/www.salgotarjan.hu\/wp-content\/uploads\/vjp_logo-300x229.png 300w, https:\/\/www.salgotarjan.hu\/wp-content\/uploads\/vjp_logo-768x587.png 768w, https:\/\/www.salgotarjan.hu\/wp-content\/uploads\/vjp_logo.png 838w\" sizes=\"auto, (max-width: 300px) 100vw, 300px\" \/><\/figure>\n<\/div>\n\n\n<p><strong>&#8222;K\u00f6zbiztons\u00e1g jav\u00edt\u00e1sa \u00e9s t\u00e9rs\u00e9gi alapinfrastrukt\u00fara fejleszt\u00e9se a Salg\u00f3tarj\u00e1ni j\u00e1r\u00e1s ter\u00fclet\u00e9n&#8221; projekt<\/strong><\/p>\n\n\n\n<p>2025. november 4.<br><a href=\"https:\/\/www.salgotarjan.hu\/?p=16426\" data-type=\"link\" data-id=\"https:\/\/www.salgotarjan.hu\/?p=16426\">Sajt\u00f3k\u00f6zlem\u00e9ny a Versenyk\u00e9pes J\u00e1r\u00e1sok Program keret\u00e9ben elnyert t\u00e1mogat\u00e1sr\u00f3l<\/a><br>(A sajt\u00f3k\u00f6zlem\u00e9ny let\u00f6lthet\u0151 form\u00e1tumban <a href=\"https:\/\/www.salgotarjan.hu\/wp-content\/uploads\/vjp_kozlemeny_salgotarjan.pdf\" data-type=\"link\" data-id=\"https:\/\/www.salgotarjan.hu\/wp-content\/uploads\/vjp_kozlemeny_salgotarjan.pdf\" target=\"_blank\" rel=\"noreferrer noopener\">ide kattintva \u00e9rhet\u0151 el<\/a>.)<\/p>\n\n\n\n<p>2025. szeptember 26.<br><a href=\"https:\/\/www.salgotarjan.hu\/?p=16337\" data-type=\"link\" data-id=\"https:\/\/www.salgotarjan.hu\/?p=16337\">K\u00f6zlem\u00e9ny a Versenyk\u00e9pes J\u00e1r\u00e1sok Programban elnyert t\u00e1mogat\u00e1sr\u00f3l<\/a><\/p>\n","protected":false},"excerpt":{"rendered":"<p>&#8222;K\u00f6zbiztons\u00e1g jav\u00edt\u00e1sa \u00e9s t\u00e9rs\u00e9gi alapinfrastrukt\u00fara fejleszt\u00e9se a Salg\u00f3tarj\u00e1ni j\u00e1r\u00e1s ter\u00fclet\u00e9n&#8221; projekt 2025. november 4.Sajt\u00f3k\u00f6zlem\u00e9ny a Versenyk\u00e9pes J\u00e1r\u00e1sok Program keret\u00e9ben elnyert t\u00e1mogat\u00e1sr\u00f3l(A sajt\u00f3k\u00f6zlem\u00e9ny let\u00f6lthet\u0151 form\u00e1tumban ide kattintva \u00e9rhet\u0151 el.) 2025. szeptember 26.K\u00f6zlem\u00e9ny a Versenyk\u00e9pes J\u00e1r\u00e1sok Programban elnyert t\u00e1mogat\u00e1sr\u00f3l<\/p>\n","protected":false},"author":9,"featured_media":0,"parent":0,"menu_order":0,"comment_status":"closed","ping_status":"closed","template":"","meta":{"footnotes":""},"class_list":["post-16423","page","type-page","status-publish"],"_links":{"self":[{"href":"https:\/\/www.salgotarjan.hu\/index.php?rest_route=\/wp\/v2\/pages\/16423","targetHints":{"allow":["GET"]}}],"collection":[{"href":"https:\/\/www.salgotarjan.hu\/index.php?rest_route=\/wp\/v2\/pages"}],"about":[{"href":"https:\/\/www.salgotarjan.hu\/index.php?rest_route=\/wp\/v2\/types\/page"}],"author":[{"embeddable":true,"href":"https:\/\/www.salgotarjan.hu\/index.php?rest_route=\/wp\/v2\/users\/9"}],"replies":[{"embeddable":true,"href":"https:\/\/www.salgotarjan.hu\/index.php?rest_route=%2Fwp%2Fv2%2Fcomments&post=16423"}],"version-history":[{"count":1,"href":"https:\/\/www.salgotarjan.hu\/index.php?rest_route=\/wp\/v2\/pages\/16423\/revisions"}],"predecessor-version":[{"id":16436,"href":"https:\/\/www.salgotarjan.hu\/index.php?rest_route=\/wp\/v2\/pages\/16423\/revisions\/16436"}],"wp:attachment":[{"href":"https:\/\/www.salgotarjan.hu\/index.php?rest_route=%2Fwp%2Fv2%2Fmedia&parent=16423"}],"curies":[{"name":"wp","href":"https:\/\/api.w.org\/{rel}","templated":true}]}}