{"id":1603,"date":"2015-06-25T11:33:22","date_gmt":"2015-06-25T10:33:22","guid":{"rendered":"http:\/\/www.salgotarjan.hu\/?page_id=1603"},"modified":"2017-01-26T11:16:32","modified_gmt":"2017-01-26T10:16:32","slug":"terkep","status":"publish","type":"page","link":"https:\/\/www.salgotarjan.hu\/?page_id=1603","title":{"rendered":"T\u00e9rk\u00e9p"},"content":{"rendered":"<p>A GISP\u00c1N integr\u00e1lt \u00f6nkorm\u00e1nyzati t\u00e9rinformatikai rendszer Salg\u00f3tarj\u00e1n t\u00e9rk\u00e9p\u00e9nek megnyit\u00e1s\u00e1hoz <a href=\"http:\/\/mail.salgotarjan.hu:8008\/mapguide\/salgo\/rkrg.php?locale=hu&#038;pid=103006\" target=\"_self\">kattintson ide<\/a>.<\/p>\n","protected":false},"excerpt":{"rendered":"<p>A GISP\u00c1N integr\u00e1lt \u00f6nkorm\u00e1nyzati t\u00e9rinformatikai rendszer Salg\u00f3tarj\u00e1n t\u00e9rk\u00e9p\u00e9nek megnyit\u00e1s\u00e1hoz kattintson ide.<\/p>\n","protected":false},"author":7,"featured_media":0,"parent":0,"menu_order":0,"comment_status":"closed","ping_status":"closed","template":"","meta":{"footnotes":""},"class_list":["post-1603","page","type-page","status-publish"],"_links":{"self":[{"href":"https:\/\/www.salgotarjan.hu\/index.php?rest_route=\/wp\/v2\/pages\/1603","targetHints":{"allow":["GET"]}}],"collection":[{"href":"https:\/\/www.salgotarjan.hu\/index.php?rest_route=\/wp\/v2\/pages"}],"about":[{"href":"https:\/\/www.salgotarjan.hu\/index.php?rest_route=\/wp\/v2\/types\/page"}],"author":[{"embeddable":true,"href":"https:\/\/www.salgotarjan.hu\/index.php?rest_route=\/wp\/v2\/users\/7"}],"replies":[{"embeddable":true,"href":"https:\/\/www.salgotarjan.hu\/index.php?rest_route=%2Fwp%2Fv2%2Fcomments&post=1603"}],"version-history":[{"count":1,"href":"https:\/\/www.salgotarjan.hu\/index.php?rest_route=\/wp\/v2\/pages\/1603\/revisions"}],"predecessor-version":[{"id":5604,"href":"https:\/\/www.salgotarjan.hu\/index.php?rest_route=\/wp\/v2\/pages\/1603\/revisions\/5604"}],"wp:attachment":[{"href":"https:\/\/www.salgotarjan.hu\/index.php?rest_route=%2Fwp%2Fv2%2Fmedia&parent=1603"}],"curies":[{"name":"wp","href":"https:\/\/api.w.org\/{rel}","templated":true}]}}