{"id":15634,"date":"2024-12-31T12:59:08","date_gmt":"2024-12-31T11:59:08","guid":{"rendered":"https:\/\/www.salgotarjan.hu\/?page_id=15634"},"modified":"2025-06-27T11:06:30","modified_gmt":"2025-06-27T09:06:30","slug":"belso-visszaeles-bejelentes","status":"publish","type":"page","link":"https:\/\/www.salgotarjan.hu\/?page_id=15634","title":{"rendered":"Bels\u0151 vissza\u00e9l\u00e9s-bejelent\u00e9s"},"content":{"rendered":"\n<p><a href=\"https:\/\/www.salgotarjan.hu\/wp-content\/uploads\/visszaeles_bejelentes_20241231_tajekoztato.pdf\" data-type=\"link\" data-id=\"https:\/\/www.salgotarjan.hu\/wp-content\/uploads\/visszaeles_bejelentes_20241231_tajekoztato.pdf\" target=\"_blank\" rel=\"noreferrer noopener\">T\u00e1j\u00e9koztat\u00f3 a polg\u00e1rmesteri hivatal bels\u0151 vissza\u00e9l\u00e9s-bejelent\u00e9si rendszer\u00e9r\u0151l<\/a><\/p>\n\n\n\n<p><a href=\"https:\/\/www.salgotarjan.hu\/wp-content\/uploads\/adatkezeles_20250311_visszaeles_bejelentes_tajekoztato.pdf\" target=\"_blank\" rel=\"noreferrer noopener\">Adatkezel\u00e9si t\u00e1j\u00e9koztat\u00f3 a bels\u0151 vissza\u00e9l\u00e9s-bejelent\u00e9si rendszerben tett bejelent\u00e9ssel kapcsolatban<\/a><\/p>\n","protected":false},"excerpt":{"rendered":"<p>T\u00e1j\u00e9koztat\u00f3 a polg\u00e1rmesteri hivatal bels\u0151 vissza\u00e9l\u00e9s-bejelent\u00e9si rendszer\u00e9r\u0151l Adatkezel\u00e9si t\u00e1j\u00e9koztat\u00f3 a bels\u0151 vissza\u00e9l\u00e9s-bejelent\u00e9si rendszerben tett bejelent\u00e9ssel kapcsolatban<\/p>\n","protected":false},"author":7,"featured_media":0,"parent":0,"menu_order":0,"comment_status":"closed","ping_status":"closed","template":"","meta":{"footnotes":""},"class_list":["post-15634","page","type-page","status-publish"],"_links":{"self":[{"href":"https:\/\/www.salgotarjan.hu\/index.php?rest_route=\/wp\/v2\/pages\/15634","targetHints":{"allow":["GET"]}}],"collection":[{"href":"https:\/\/www.salgotarjan.hu\/index.php?rest_route=\/wp\/v2\/pages"}],"about":[{"href":"https:\/\/www.salgotarjan.hu\/index.php?rest_route=\/wp\/v2\/types\/page"}],"author":[{"embeddable":true,"href":"https:\/\/www.salgotarjan.hu\/index.php?rest_route=\/wp\/v2\/users\/7"}],"replies":[{"embeddable":true,"href":"https:\/\/www.salgotarjan.hu\/index.php?rest_route=%2Fwp%2Fv2%2Fcomments&post=15634"}],"version-history":[{"count":1,"href":"https:\/\/www.salgotarjan.hu\/index.php?rest_route=\/wp\/v2\/pages\/15634\/revisions"}],"predecessor-version":[{"id":16096,"href":"https:\/\/www.salgotarjan.hu\/index.php?rest_route=\/wp\/v2\/pages\/15634\/revisions\/16096"}],"wp:attachment":[{"href":"https:\/\/www.salgotarjan.hu\/index.php?rest_route=%2Fwp%2Fv2%2Fmedia&parent=15634"}],"curies":[{"name":"wp","href":"https:\/\/api.w.org\/{rel}","templated":true}]}}