{"id":156,"date":"2014-11-03T09:00:18","date_gmt":"2014-11-03T08:00:18","guid":{"rendered":"http:\/\/www.salgotarjan.hu\/?page_id=156"},"modified":"2021-09-24T10:02:32","modified_gmt":"2021-09-24T08:02:32","slug":"oktatas","status":"publish","type":"page","link":"https:\/\/www.salgotarjan.hu\/?page_id=156","title":{"rendered":"Oktat\u00e1s"},"content":{"rendered":"\n<p><strong>Iskol\u00e1k, k\u00f6znevel\u00e9si int\u00e9zm\u00e9nyek<\/strong><br><a href=\"http:\/\/www.oktatas.hu\/kozneveles\/intezmenykereso\/koznevelesi_intezmenykereso\" target=\"_blank\" rel=\"noopener\">Keres\u00e9s az Oktat\u00e1si Hivatal adatb\u00e1zis\u00e1ban<\/a> (oktatas.hu)<\/p>\n\n\n\n<p><strong>K\u00f6z\u00e9piskolai tanul\u00f3k k\u00f6z\u00f6ss\u00e9gi szolg\u00e1lata<\/strong><br><a href=\"https:\/\/www.smig.hu\/index.php\/alapdokumentumok\/category\/15-kozossegi-szolgalat\" target=\"_blank\" rel=\"noreferrer noopener\">Mad\u00e1ch Imre Gimn\u00e1zium<\/a><br><a href=\"https:\/\/bolyai-starjan.edu.hu\/?page_id=1396\" target=\"_blank\" rel=\"noreferrer noopener\">Bolyai J\u00e1nos Gimn\u00e1zium<\/a><\/p>\n","protected":false},"excerpt":{"rendered":"<p>Iskol\u00e1k, k\u00f6znevel\u00e9si int\u00e9zm\u00e9nyekKeres\u00e9s az Oktat\u00e1si Hivatal adatb\u00e1zis\u00e1ban (oktatas.hu) K\u00f6z\u00e9piskolai tanul\u00f3k k\u00f6z\u00f6ss\u00e9gi szolg\u00e1lataMad\u00e1ch Imre Gimn\u00e1ziumBolyai J\u00e1nos Gimn\u00e1zium<\/p>\n","protected":false},"author":7,"featured_media":0,"parent":0,"menu_order":0,"comment_status":"closed","ping_status":"open","template":"","meta":{"footnotes":""},"class_list":["post-156","page","type-page","status-publish"],"_links":{"self":[{"href":"https:\/\/www.salgotarjan.hu\/index.php?rest_route=\/wp\/v2\/pages\/156","targetHints":{"allow":["GET"]}}],"collection":[{"href":"https:\/\/www.salgotarjan.hu\/index.php?rest_route=\/wp\/v2\/pages"}],"about":[{"href":"https:\/\/www.salgotarjan.hu\/index.php?rest_route=\/wp\/v2\/types\/page"}],"author":[{"embeddable":true,"href":"https:\/\/www.salgotarjan.hu\/index.php?rest_route=\/wp\/v2\/users\/7"}],"replies":[{"embeddable":true,"href":"https:\/\/www.salgotarjan.hu\/index.php?rest_route=%2Fwp%2Fv2%2Fcomments&post=156"}],"version-history":[{"count":1,"href":"https:\/\/www.salgotarjan.hu\/index.php?rest_route=\/wp\/v2\/pages\/156\/revisions"}],"predecessor-version":[{"id":12268,"href":"https:\/\/www.salgotarjan.hu\/index.php?rest_route=\/wp\/v2\/pages\/156\/revisions\/12268"}],"wp:attachment":[{"href":"https:\/\/www.salgotarjan.hu\/index.php?rest_route=%2Fwp%2Fv2%2Fmedia&parent=156"}],"curies":[{"name":"wp","href":"https:\/\/api.w.org\/{rel}","templated":true}]}}