{"id":15,"date":"2014-10-26T13:10:46","date_gmt":"2014-10-26T12:10:46","guid":{"rendered":"http:\/\/www.salgotarjan.hu\/?page_id=15"},"modified":"2015-08-30T12:05:01","modified_gmt":"2015-08-30T11:05:01","slug":"munkalehetosegek","status":"publish","type":"page","link":"https:\/\/www.salgotarjan.hu\/?page_id=15","title":{"rendered":"Munkalehet\u0151s\u00e9gek"},"content":{"rendered":"<p>A Salg\u00f3tarj\u00e1nban \u00e9s a v\u00e1ros k\u00f6rny\u00e9k\u00e9n m\u0171k\u00f6d\u0151, 50 f\u0151n\u00e9l t\u00f6bb alkalmazottat foglalkoztat\u00f3 c\u00e9gek \u00e1ll\u00e1shirdet\u00e9seit a v\u00e1ros \u00f6nkorm\u00e1nyzata ezen az oldalon d\u00edjmentesen k\u00f6zz\u00e9teszi.<\/p>\n<p><strong>\u00c1ll\u00e1sok Salg\u00f3tarj\u00e1nban \u00e9s a v\u00e1ros k\u00f6rny\u00e9k\u00e9n:<\/strong><br \/>\n<a href=\"http:\/\/hu.indeed.com\/jobs?q=&#038;l=salg%C3%B3tarj%C3%A1n\" target=\"_blank\">\u00c1ll\u00e1sok Salg\u00f3tarj\u00e1nban \u00e9s k\u00f6rny\u00e9k\u00e9n<\/a> (indeed.com)<br \/>\n<a href=\"http:\/\/www.careerjet.hu\/kereses\/allasok?s=&#038;l=salg%C3%B3tarj%C3%A1n\" target=\"_blank\">\u00c1ll\u00e1sok Salg\u00f3tarj\u00e1nban \u00e9s k\u00f6rny\u00e9k\u00e9n<\/a> (careerjet.hu)<\/p>\n","protected":false},"excerpt":{"rendered":"<p>A Salg\u00f3tarj\u00e1nban \u00e9s a v\u00e1ros k\u00f6rny\u00e9k\u00e9n m\u0171k\u00f6d\u0151, 50 f\u0151n\u00e9l t\u00f6bb alkalmazottat foglalkoztat\u00f3 c\u00e9gek \u00e1ll\u00e1shirdet\u00e9seit a v\u00e1ros \u00f6nkorm\u00e1nyzata ezen az oldalon d\u00edjmentesen k\u00f6zz\u00e9teszi. \u00c1ll\u00e1sok Salg\u00f3tarj\u00e1nban \u00e9s a v\u00e1ros k\u00f6rny\u00e9k\u00e9n: \u00c1ll\u00e1sok Salg\u00f3tarj\u00e1nban \u00e9s k\u00f6rny\u00e9k\u00e9n (indeed.com) \u00c1ll\u00e1sok Salg\u00f3tarj\u00e1nban \u00e9s k\u00f6rny\u00e9k\u00e9n (careerjet.hu)<\/p>\n","protected":false},"author":7,"featured_media":0,"parent":0,"menu_order":0,"comment_status":"closed","ping_status":"open","template":"","meta":{"footnotes":""},"class_list":["post-15","page","type-page","status-publish"],"_links":{"self":[{"href":"https:\/\/www.salgotarjan.hu\/index.php?rest_route=\/wp\/v2\/pages\/15","targetHints":{"allow":["GET"]}}],"collection":[{"href":"https:\/\/www.salgotarjan.hu\/index.php?rest_route=\/wp\/v2\/pages"}],"about":[{"href":"https:\/\/www.salgotarjan.hu\/index.php?rest_route=\/wp\/v2\/types\/page"}],"author":[{"embeddable":true,"href":"https:\/\/www.salgotarjan.hu\/index.php?rest_route=\/wp\/v2\/users\/7"}],"replies":[{"embeddable":true,"href":"https:\/\/www.salgotarjan.hu\/index.php?rest_route=%2Fwp%2Fv2%2Fcomments&post=15"}],"version-history":[{"count":13,"href":"https:\/\/www.salgotarjan.hu\/index.php?rest_route=\/wp\/v2\/pages\/15\/revisions"}],"predecessor-version":[{"id":2036,"href":"https:\/\/www.salgotarjan.hu\/index.php?rest_route=\/wp\/v2\/pages\/15\/revisions\/2036"}],"wp:attachment":[{"href":"https:\/\/www.salgotarjan.hu\/index.php?rest_route=%2Fwp%2Fv2%2Fmedia&parent=15"}],"curies":[{"name":"wp","href":"https:\/\/api.w.org\/{rel}","templated":true}]}}