{"id":14453,"date":"2023-10-29T14:02:03","date_gmt":"2023-10-29T13:02:03","guid":{"rendered":"https:\/\/www.salgotarjan.hu\/?page_id=14453"},"modified":"2026-03-07T14:01:41","modified_gmt":"2026-03-07T13:01:41","slug":"valasztasi-informacio-korabbi-valasztasok","status":"publish","type":"page","link":"https:\/\/www.salgotarjan.hu\/?page_id=14453","title":{"rendered":"V\u00e1laszt\u00e1si inform\u00e1ci\u00f3 \/ Kor\u00e1bbi v\u00e1laszt\u00e1sok"},"content":{"rendered":"<p><a href=\"https:\/\/www.salgotarjan.hu\/?page_id=2925\">V\u00e1laszt\u00e1si bizotts\u00e1g d\u00f6nt\u00e9sei<\/a><\/p>\n<p><a href=\"https:\/\/www.salgotarjan.hu\/?page_id=2929\">V\u00e1laszt\u00e1si bizotts\u00e1g hirdetm\u00e9nyei<\/a><\/p>\n<p><a href=\"https:\/\/www.salgotarjan.hu\/?page_id=2937\">V\u00e1laszt\u00e1si iroda hirdetm\u00e9nyei<\/a><\/p>\n\n\n<p><a href=\"https:\/\/www.salgotarjan.hu\/?page_id=16510\" data-type=\"page\" data-id=\"16510\">2024. \u00e9vi \u00e1ltal\u00e1nos v\u00e1laszt\u00e1sok<\/a><\/p>\n","protected":false},"excerpt":{"rendered":"<p>V\u00e1laszt\u00e1si bizotts\u00e1g d\u00f6nt\u00e9sei V\u00e1laszt\u00e1si bizotts\u00e1g hirdetm\u00e9nyei V\u00e1laszt\u00e1si iroda hirdetm\u00e9nyei 2024. \u00e9vi \u00e1ltal\u00e1nos v\u00e1laszt\u00e1sok<\/p>\n","protected":false},"author":7,"featured_media":0,"parent":0,"menu_order":0,"comment_status":"closed","ping_status":"closed","template":"","meta":{"footnotes":""},"class_list":["post-14453","page","type-page","status-publish"],"_links":{"self":[{"href":"https:\/\/www.salgotarjan.hu\/index.php?rest_route=\/wp\/v2\/pages\/14453","targetHints":{"allow":["GET"]}}],"collection":[{"href":"https:\/\/www.salgotarjan.hu\/index.php?rest_route=\/wp\/v2\/pages"}],"about":[{"href":"https:\/\/www.salgotarjan.hu\/index.php?rest_route=\/wp\/v2\/types\/page"}],"author":[{"embeddable":true,"href":"https:\/\/www.salgotarjan.hu\/index.php?rest_route=\/wp\/v2\/users\/7"}],"replies":[{"embeddable":true,"href":"https:\/\/www.salgotarjan.hu\/index.php?rest_route=%2Fwp%2Fv2%2Fcomments&post=14453"}],"version-history":[{"count":1,"href":"https:\/\/www.salgotarjan.hu\/index.php?rest_route=\/wp\/v2\/pages\/14453\/revisions"}],"predecessor-version":[{"id":16835,"href":"https:\/\/www.salgotarjan.hu\/index.php?rest_route=\/wp\/v2\/pages\/14453\/revisions\/16835"}],"wp:attachment":[{"href":"https:\/\/www.salgotarjan.hu\/index.php?rest_route=%2Fwp%2Fv2%2Fmedia&parent=14453"}],"curies":[{"name":"wp","href":"https:\/\/api.w.org\/{rel}","templated":true}]}}