{"id":14445,"date":"2023-10-29T13:49:05","date_gmt":"2023-10-29T12:49:05","guid":{"rendered":"https:\/\/www.salgotarjan.hu\/?page_id=14445"},"modified":"2023-10-29T14:04:28","modified_gmt":"2023-10-29T13:04:28","slug":"valasztasi-informaciok-valasztasi-ugyintezes","status":"publish","type":"page","link":"https:\/\/www.salgotarjan.hu\/?page_id=14445","title":{"rendered":"V\u00e1laszt\u00e1si inform\u00e1ci\u00f3k \/ V\u00e1laszt\u00e1si \u00fcgyint\u00e9z\u00e9s"},"content":{"rendered":"\n<p>Tov\u00e1bb a <a href=\"https:\/\/www.valasztas.hu\/ugyintezes\/\" target=\"_blank\" rel=\"noreferrer noopener\">www.valasztas.hu\/ugyintezes<\/a> oldalra.<\/p>\n","protected":false},"excerpt":{"rendered":"<p>Tov\u00e1bb a www.valasztas.hu\/ugyintezes oldalra.<\/p>\n","protected":false},"author":7,"featured_media":0,"parent":0,"menu_order":0,"comment_status":"closed","ping_status":"closed","template":"","meta":{"footnotes":""},"class_list":["post-14445","page","type-page","status-publish"],"_links":{"self":[{"href":"https:\/\/www.salgotarjan.hu\/index.php?rest_route=\/wp\/v2\/pages\/14445","targetHints":{"allow":["GET"]}}],"collection":[{"href":"https:\/\/www.salgotarjan.hu\/index.php?rest_route=\/wp\/v2\/pages"}],"about":[{"href":"https:\/\/www.salgotarjan.hu\/index.php?rest_route=\/wp\/v2\/types\/page"}],"author":[{"embeddable":true,"href":"https:\/\/www.salgotarjan.hu\/index.php?rest_route=\/wp\/v2\/users\/7"}],"replies":[{"embeddable":true,"href":"https:\/\/www.salgotarjan.hu\/index.php?rest_route=%2Fwp%2Fv2%2Fcomments&post=14445"}],"version-history":[{"count":1,"href":"https:\/\/www.salgotarjan.hu\/index.php?rest_route=\/wp\/v2\/pages\/14445\/revisions"}],"predecessor-version":[{"id":14458,"href":"https:\/\/www.salgotarjan.hu\/index.php?rest_route=\/wp\/v2\/pages\/14445\/revisions\/14458"}],"wp:attachment":[{"href":"https:\/\/www.salgotarjan.hu\/index.php?rest_route=%2Fwp%2Fv2%2Fmedia&parent=14445"}],"curies":[{"name":"wp","href":"https:\/\/api.w.org\/{rel}","templated":true}]}}