{"id":14224,"date":"2023-07-15T10:46:58","date_gmt":"2023-07-15T08:46:58","guid":{"rendered":"https:\/\/www.salgotarjan.hu\/?page_id=14224"},"modified":"2023-07-15T10:46:59","modified_gmt":"2023-07-15T08:46:59","slug":"telepuleskepi-nyomtatvanyok","status":"publish","type":"page","link":"https:\/\/www.salgotarjan.hu\/?page_id=14224","title":{"rendered":"Telep\u00fcl\u00e9sk\u00e9pi nyomtatv\u00e1nyok"},"content":{"rendered":"\n<p>&#8211; <a rel=\"noreferrer noopener\" href=\"https:\/\/www.salgotarjan.hu\/wp-content\/uploads\/telepulesrendezesieszkozok_20211216_nyomtatvany_telepuleskepi_bejelentes_rendeltetesvaltozas.pdf\" target=\"_blank\">Nyomtatv\u00e1ny a fel\u00e9p\u00fclt \u00e9p\u00edtm\u00e9ny, rendeltet\u00e9s-v\u00e1ltoz\u00e1s ingatlan-nyilv\u00e1ntart\u00e1si \u00e1tvezet\u00e9s\u00e9hez sz\u00fcks\u00e9ges hat\u00f3s\u00e1gi bizony\u00edtv\u00e1ny ir\u00e1nti k\u00e9relemhez<\/a> (pdf)<br><br>&#8211; <a rel=\"noreferrer noopener\" href=\"https:\/\/www.salgotarjan.hu\/wp-content\/uploads\/telepulesrendezesieszkozok_20211216_nyomtatvany_telepuleskepi_bejelentes_reklam.pdf\" target=\"_blank\">Nyomtatv\u00e1ny telep\u00fcl\u00e9sk\u00e9pi bejelent\u00e9shez rekl\u00e1mok \u00e9s rekl\u00e1mhordoz\u00f3k elhelyez\u00e9s\u00e9hez<\/a> (pdf)<br><br>&#8211; <a rel=\"noreferrer noopener\" href=\"https:\/\/www.salgotarjan.hu\/wp-content\/uploads\/telepulesrendezesieszkozok_20211216_nyomtatvany_telepuleskepi_bejelentes_epitesi-tevekenyseg.pdf\" target=\"_blank\">Nyomtatv\u00e1ny telep\u00fcl\u00e9sk\u00e9pi bejelent\u00e9shez<\/a> (pdf)<br><br>&#8211; <a rel=\"noreferrer noopener\" href=\"https:\/\/www.salgotarjan.hu\/wp-content\/uploads\/telepulesrendezesieszkozok_20211216_nyomtatvany_telepuleskepi_velemenyezeshez.pdf\" target=\"_blank\">Nyomtatv\u00e1ny telep\u00fcl\u00e9sk\u00e9pi v\u00e9lem\u00e9ny ir\u00e1nti k\u00e9relemhez<\/a> (pdf)<\/p>\n","protected":false},"excerpt":{"rendered":"<p>&#8211; Nyomtatv\u00e1ny a fel\u00e9p\u00fclt \u00e9p\u00edtm\u00e9ny, rendeltet\u00e9s-v\u00e1ltoz\u00e1s ingatlan-nyilv\u00e1ntart\u00e1si \u00e1tvezet\u00e9s\u00e9hez sz\u00fcks\u00e9ges hat\u00f3s\u00e1gi bizony\u00edtv\u00e1ny ir\u00e1nti k\u00e9relemhez (pdf) &#8211; Nyomtatv\u00e1ny telep\u00fcl\u00e9sk\u00e9pi bejelent\u00e9shez rekl\u00e1mok \u00e9s rekl\u00e1mhordoz\u00f3k elhelyez\u00e9s\u00e9hez (pdf) &#8211; Nyomtatv\u00e1ny telep\u00fcl\u00e9sk\u00e9pi bejelent\u00e9shez (pdf) &#8211; Nyomtatv\u00e1ny telep\u00fcl\u00e9sk\u00e9pi v\u00e9lem\u00e9ny ir\u00e1nti k\u00e9relemhez (pdf)<\/p>\n","protected":false},"author":7,"featured_media":0,"parent":0,"menu_order":0,"comment_status":"closed","ping_status":"closed","template":"","meta":{"footnotes":""},"class_list":["post-14224","page","type-page","status-publish"],"_links":{"self":[{"href":"https:\/\/www.salgotarjan.hu\/index.php?rest_route=\/wp\/v2\/pages\/14224","targetHints":{"allow":["GET"]}}],"collection":[{"href":"https:\/\/www.salgotarjan.hu\/index.php?rest_route=\/wp\/v2\/pages"}],"about":[{"href":"https:\/\/www.salgotarjan.hu\/index.php?rest_route=\/wp\/v2\/types\/page"}],"author":[{"embeddable":true,"href":"https:\/\/www.salgotarjan.hu\/index.php?rest_route=\/wp\/v2\/users\/7"}],"replies":[{"embeddable":true,"href":"https:\/\/www.salgotarjan.hu\/index.php?rest_route=%2Fwp%2Fv2%2Fcomments&post=14224"}],"version-history":[{"count":1,"href":"https:\/\/www.salgotarjan.hu\/index.php?rest_route=\/wp\/v2\/pages\/14224\/revisions"}],"predecessor-version":[{"id":14225,"href":"https:\/\/www.salgotarjan.hu\/index.php?rest_route=\/wp\/v2\/pages\/14224\/revisions\/14225"}],"wp:attachment":[{"href":"https:\/\/www.salgotarjan.hu\/index.php?rest_route=%2Fwp%2Fv2%2Fmedia&parent=14224"}],"curies":[{"name":"wp","href":"https:\/\/api.w.org\/{rel}","templated":true}]}}