{"id":14218,"date":"2023-07-15T10:42:14","date_gmt":"2023-07-15T08:42:14","guid":{"rendered":"https:\/\/www.salgotarjan.hu\/?page_id=14218"},"modified":"2023-07-15T10:42:16","modified_gmt":"2023-07-15T08:42:16","slug":"helyi-epitesi-szabalyzat","status":"publish","type":"page","link":"https:\/\/www.salgotarjan.hu\/?page_id=14218","title":{"rendered":"Helyi \u00c9p\u00edt\u00e9si Szab\u00e1lyzat"},"content":{"rendered":"\n<p><a href=\"https:\/\/www.kozadat.salgotarjan.hu\/?module=news&amp;action=list&amp;fname=8_2017_ii14_rendelet#MIDDLE\" target=\"_blank\" rel=\"noreferrer noopener\">Kattintson ide a Helyi \u00c9p\u00edt\u00e9si Szab\u00e1lyzat megnyit\u00e1s\u00e1hoz.<\/a><\/p>\n","protected":false},"excerpt":{"rendered":"<p>Kattintson ide a Helyi \u00c9p\u00edt\u00e9si Szab\u00e1lyzat megnyit\u00e1s\u00e1hoz.<\/p>\n","protected":false},"author":7,"featured_media":0,"parent":0,"menu_order":0,"comment_status":"closed","ping_status":"closed","template":"","meta":{"footnotes":""},"class_list":["post-14218","page","type-page","status-publish"],"_links":{"self":[{"href":"https:\/\/www.salgotarjan.hu\/index.php?rest_route=\/wp\/v2\/pages\/14218","targetHints":{"allow":["GET"]}}],"collection":[{"href":"https:\/\/www.salgotarjan.hu\/index.php?rest_route=\/wp\/v2\/pages"}],"about":[{"href":"https:\/\/www.salgotarjan.hu\/index.php?rest_route=\/wp\/v2\/types\/page"}],"author":[{"embeddable":true,"href":"https:\/\/www.salgotarjan.hu\/index.php?rest_route=\/wp\/v2\/users\/7"}],"replies":[{"embeddable":true,"href":"https:\/\/www.salgotarjan.hu\/index.php?rest_route=%2Fwp%2Fv2%2Fcomments&post=14218"}],"version-history":[{"count":1,"href":"https:\/\/www.salgotarjan.hu\/index.php?rest_route=\/wp\/v2\/pages\/14218\/revisions"}],"predecessor-version":[{"id":14219,"href":"https:\/\/www.salgotarjan.hu\/index.php?rest_route=\/wp\/v2\/pages\/14218\/revisions\/14219"}],"wp:attachment":[{"href":"https:\/\/www.salgotarjan.hu\/index.php?rest_route=%2Fwp%2Fv2%2Fmedia&parent=14218"}],"curies":[{"name":"wp","href":"https:\/\/api.w.org\/{rel}","templated":true}]}}