{"id":14082,"date":"2023-05-24T11:57:29","date_gmt":"2023-05-24T09:57:29","guid":{"rendered":"https:\/\/www.salgotarjan.hu\/?page_id=14082"},"modified":"2023-10-16T16:37:07","modified_gmt":"2023-10-16T14:37:07","slug":"valasztasok-valasztasi-bizottsag-hirdetmenyei-2023-helyi-valasztasi-bizottsag-hirdetmenyei","status":"publish","type":"page","link":"https:\/\/www.salgotarjan.hu\/?page_id=14082","title":{"rendered":"V\u00e1laszt\u00e1sok \/ V\u00e1laszt\u00e1si bizotts\u00e1g hirdetm\u00e9nyei \/ 2023. Helyi V\u00e1laszt\u00e1si Bizotts\u00e1g hirdetm\u00e9nyei"},"content":{"rendered":"\n<p>2023-05-23<br><a rel=\"noreferrer noopener\" href=\"https:\/\/www.salgotarjan.hu\/wp-content\/uploads\/valasztasok_20230523_hvb_meghivo.pdf\" target=\"_blank\">Megh\u00edv\u00f3<\/a> (pdf)<\/p>\n\n\n\n<p>2023-10-16<br><a href=\"https:\/\/www.salgotarjan.hu\/wp-content\/uploads\/valasztasok_20231016_hvb_meghivo.pdf\" target=\"_blank\" rel=\"noreferrer noopener\">Megh\u00edv\u00f3<\/a> (pdf)<\/p>\n","protected":false},"excerpt":{"rendered":"<p>2023-05-23Megh\u00edv\u00f3 (pdf) 2023-10-16Megh\u00edv\u00f3 (pdf)<\/p>\n","protected":false},"author":7,"featured_media":0,"parent":0,"menu_order":0,"comment_status":"closed","ping_status":"closed","template":"","meta":{"footnotes":""},"class_list":["post-14082","page","type-page","status-publish"],"_links":{"self":[{"href":"https:\/\/www.salgotarjan.hu\/index.php?rest_route=\/wp\/v2\/pages\/14082","targetHints":{"allow":["GET"]}}],"collection":[{"href":"https:\/\/www.salgotarjan.hu\/index.php?rest_route=\/wp\/v2\/pages"}],"about":[{"href":"https:\/\/www.salgotarjan.hu\/index.php?rest_route=\/wp\/v2\/types\/page"}],"author":[{"embeddable":true,"href":"https:\/\/www.salgotarjan.hu\/index.php?rest_route=\/wp\/v2\/users\/7"}],"replies":[{"embeddable":true,"href":"https:\/\/www.salgotarjan.hu\/index.php?rest_route=%2Fwp%2Fv2%2Fcomments&post=14082"}],"version-history":[{"count":1,"href":"https:\/\/www.salgotarjan.hu\/index.php?rest_route=\/wp\/v2\/pages\/14082\/revisions"}],"predecessor-version":[{"id":14401,"href":"https:\/\/www.salgotarjan.hu\/index.php?rest_route=\/wp\/v2\/pages\/14082\/revisions\/14401"}],"wp:attachment":[{"href":"https:\/\/www.salgotarjan.hu\/index.php?rest_route=%2Fwp%2Fv2%2Fmedia&parent=14082"}],"curies":[{"name":"wp","href":"https:\/\/api.w.org\/{rel}","templated":true}]}}