{"id":13776,"date":"2023-01-13T11:55:48","date_gmt":"2023-01-13T10:55:48","guid":{"rendered":"https:\/\/www.salgotarjan.hu\/?page_id=13776"},"modified":"2023-01-13T12:00:13","modified_gmt":"2023-01-13T11:00:13","slug":"adatvedelem-roma-nemzetisegi-onkormanyzat","status":"publish","type":"page","link":"https:\/\/www.salgotarjan.hu\/?page_id=13776","title":{"rendered":"Adatv\u00e9delem \/ Roma Nemzetis\u00e9gi \u00d6nkorm\u00e1nyzat"},"content":{"rendered":"\n<iframe src=\"https:\/\/api.gdpreg.hu\/v1\/statement\/eaeb1d73-cc7d-4811-8ade-c70f2e3bc515\" style=\"width:100%;height:600px;border:none;\"><\/iframe>\n","protected":false},"excerpt":{"rendered":"","protected":false},"author":7,"featured_media":0,"parent":0,"menu_order":0,"comment_status":"closed","ping_status":"closed","template":"","meta":{"footnotes":""},"class_list":["post-13776","page","type-page","status-publish"],"_links":{"self":[{"href":"https:\/\/www.salgotarjan.hu\/index.php?rest_route=\/wp\/v2\/pages\/13776","targetHints":{"allow":["GET"]}}],"collection":[{"href":"https:\/\/www.salgotarjan.hu\/index.php?rest_route=\/wp\/v2\/pages"}],"about":[{"href":"https:\/\/www.salgotarjan.hu\/index.php?rest_route=\/wp\/v2\/types\/page"}],"author":[{"embeddable":true,"href":"https:\/\/www.salgotarjan.hu\/index.php?rest_route=\/wp\/v2\/users\/7"}],"replies":[{"embeddable":true,"href":"https:\/\/www.salgotarjan.hu\/index.php?rest_route=%2Fwp%2Fv2%2Fcomments&post=13776"}],"version-history":[{"count":2,"href":"https:\/\/www.salgotarjan.hu\/index.php?rest_route=\/wp\/v2\/pages\/13776\/revisions"}],"predecessor-version":[{"id":13782,"href":"https:\/\/www.salgotarjan.hu\/index.php?rest_route=\/wp\/v2\/pages\/13776\/revisions\/13782"}],"wp:attachment":[{"href":"https:\/\/www.salgotarjan.hu\/index.php?rest_route=%2Fwp%2Fv2%2Fmedia&parent=13776"}],"curies":[{"name":"wp","href":"https:\/\/api.w.org\/{rel}","templated":true}]}}