{"id":13750,"date":"2022-12-14T10:44:00","date_gmt":"2022-12-14T09:44:00","guid":{"rendered":"https:\/\/www.salgotarjan.hu\/?page_id=13750"},"modified":"2026-04-02T10:05:38","modified_gmt":"2026-04-02T08:05:38","slug":"projektek-projektek-2022-2027","status":"publish","type":"page","link":"https:\/\/www.salgotarjan.hu\/?page_id=13750","title":{"rendered":"Projektek \/ Projektek 2021-2027"},"content":{"rendered":"\n<div style=\"height:10px\" aria-hidden=\"true\" class=\"wp-block-spacer\"><\/div>\n\n\n\n<h2 class=\"wp-block-heading has-medium-font-size\"><strong style=\"font-weight: bold;\">El\u0151k\u00e9sz\u00edt\u00e9s alatt \u00e1ll\u00f3, tartal\u00e9klist\u00e1n szerepl\u0151 projektek\/kivitelez\u00e9sek:<\/strong><\/h2>\n\n\n\n<p><strong>Apr\u00f3falva Tag\u00f3voda energetikai fel\u00faj\u00edt\u00e1sa<\/strong><br>R\u00e9szletek hamarosan&#8230;<\/p>\n\n\n\n<p><strong>Piaci Tornaterem energetikai fel\u00faj\u00edt\u00e1sa<br><\/strong>R\u00e9szletek hamarosan&#8230;<\/p>\n\n\n\n<div style=\"height:10px\" aria-hidden=\"true\" class=\"wp-block-spacer\"><\/div>\n\n\n\n<h2 class=\"wp-block-heading has-medium-font-size\"><strong style=\"font-weight: bold;\">El\u0151k\u00e9sz\u00edt\u00e9s alatt \u00e1ll\u00f3, m\u00e1r t\u00e1mogat\u00e1si szerz\u0151d\u00e9ssel rendelkez\u0151 projektek\/kivitelez\u00e9sek:<\/strong><\/h2>\n\n\n\n<p><strong>Turistafogad\u00e1s felt\u00e9teleinek jav\u00edt\u00e1sa \u00e9s attrakci\u00f3b\u0151v\u00edt\u00e9s Somosk\u0151n<\/strong><br>TOP_PLUSZ-6.2.1-23-ST1-2023-00001<br><a href=\"https:\/\/www.salgotarjan.hu\/apps\/projekt_adatlapok\/top_plusz-6-2-1-23-st1-2023-00001\/\" data-type=\"link\" data-id=\"https:\/\/www.salgotarjan.hu\/apps\/projekt_adatlapok\/top_plusz-6-2-1-23-st1-2023-00001\/\" target=\"_blank\" rel=\"noreferrer noopener\">R\u00e9szletek<\/a><\/p>\n\n\n\n<p><strong>Piac \u00e9s kapcsol\u00f3d\u00f3 kereskedelmi egys\u00e9gek el\u00e9rhet\u0151s\u00e9g\u00e9nek jav\u00edt\u00e1sa<\/strong><br>TOP_PLUSZ-1.3.2-23-ST1-2024-00004<br><a href=\"https:\/\/www.salgotarjan.hu\/apps\/projekt_adatlapok\/top_plusz-1-3-2-23-st1-2024-00004\/\" data-type=\"link\" data-id=\"https:\/\/www.salgotarjan.hu\/apps\/projekt_adatlapok\/top_plusz-1-3-2-23-st1-2024-00004\/\" target=\"_blank\" rel=\"noreferrer noopener\">R\u00e9szletek<\/a><\/p>\n\n\n\n<p><strong><strong>K\u00f6z\u00f6ss\u00e9gi rekre\u00e1ci\u00f3s ter\u00fcletek fejleszt\u00e9se a T\u00f3strandon \u00e9s k\u00f6rny\u00e9k\u00e9n<\/strong><\/strong><br>TOP_PLUSZ-1.3.2-23-ST1-2024-00005<br><a href=\"https:\/\/www.salgotarjan.hu\/apps\/projekt_adatlapok\/top_plusz-1-3-2-23-st1-2024-00005\/\" data-type=\"link\" data-id=\"https:\/\/www.salgotarjan.hu\/apps\/projekt_adatlapok\/top_plusz-1-3-2-23-st1-2024-00005\/\" target=\"_blank\" rel=\"noreferrer noopener\">R\u00e9szletek<\/a><\/p>\n\n\n\n<p><strong>A Beszterce-lak\u00f3telepi Tagiskola fel\u00faj\u00edt\u00e1sa<br><\/strong>TOP_PLUSZ-3.4.1-23-ST1-2024-00006<br><a href=\"https:\/\/www.salgotarjan.hu\/apps\/projekt_adatlapok\/top_plusz-3-4-1-23-st1-2024-00006\" data-type=\"link\" data-id=\"https:\/\/www.salgotarjan.hu\/apps\/projekt_adatlapok\/top_plusz-3-4-1-23-st1-2024-00006\" target=\"_blank\" rel=\"noreferrer noopener\">R\u00e9szletek<\/a><\/p>\n\n\n\n<p><strong>A K\u00f6r\u00fati tag\u00f3voda fel\u00faj\u00edt\u00e1sa, valamint \u00f3vodai eszk\u00f6zbeszerz\u00e9sek Salg\u00f3tarj\u00e1nban<\/strong><br>TOP_PLUSZ-3.4.1-23-ST1-2024-00008<br><a href=\"https:\/\/www.salgotarjan.hu\/apps\/projekt_adatlapok\/top_plusz-3-4-1-23-st1-2024-00008\" data-type=\"link\" data-id=\"https:\/\/www.salgotarjan.hu\/apps\/projekt_adatlapok\/top-plusz-3-4-1-23-st1-2024-00007\" target=\"_blank\" rel=\"noreferrer noopener\">R\u00e9szletek<\/a><\/p>\n\n\n\n<p><strong><strong>Parkol\u00e1si infrastrukt\u00fara fejleszt\u00e9se Salg\u00f3tarj\u00e1nban<\/strong><br><\/strong>TOP_PLUSZ-1.3.2-23-ST1-2025-00007<br><a href=\"https:\/\/www.salgotarjan.hu\/apps\/projekt_adatlapok\/top_plusz-1-3-2-23-st1-2025-00007\" target=\"_blank\" rel=\"noreferrer noopener\">R\u00e9szletek<\/a><\/p>\n\n\n\n<p><strong>Meg\u00fajul a Belv\u00e1ros<\/strong><br>TOP_PLUSZ-1.3.2-23-ST1-2025-00008<br><a href=\"https:\/\/www.salgotarjan.hu\/apps\/projekt_adatlapok\/top-plusz-1-3-2-23-st1-2025-00008\/\" target=\"_blank\" rel=\"noreferrer noopener\">R\u00e9szletek<\/a><\/p>\n\n\n\n<p><strong><strong>Szoci\u00e1lis telep\u00fcl\u00e9srehabilit\u00e1ci\u00f3 a Z\u00f6ldfa \u00faton \u00e9s k\u00f6rny\u00e9k\u00e9n<\/strong><br><\/strong>TOP_PLUSZ-1.3.2-23-ST1-2025-00009<br><a href=\"https:\/\/www.salgotarjan.hu\/apps\/projekt_adatlapok\/top_plusz-1-3-2-23-st1-2025-00009\/\" data-type=\"link\" data-id=\"https:\/\/www.salgotarjan.hu\/apps\/projekt_adatlapok\/top_plusz-1-3-2-23-st1-2025-00009\/\" target=\"_blank\" rel=\"noreferrer noopener\">R\u00e9szletek<\/a><\/p>\n\n\n\n<p><strong><strong>Szoci\u00e1lis programok a Z\u00f6ldfa \u00faton \u00e9s k\u00f6rny\u00e9k\u00e9n<\/strong><br><\/strong>TOP_PLUSZ-3.2.1-23-ST1-2025-00005<br><a href=\"https:\/\/www.salgotarjan.hu\/apps\/projekt_adatlapok\/top_plusz-3-2-1-23-st1-2025-00005\/\" target=\"_blank\" rel=\"noreferrer noopener\">R\u00e9szletek<\/a><\/p>\n\n\n\n<p><strong><strong>Autista nappali ell\u00e1t\u00f3 kialak\u00edt\u00e1sa<\/strong><br><\/strong>TOP_PLUSZ-3.4.1-23-ST1-2025-00009<br><a href=\"https:\/\/www.salgotarjan.hu\/apps\/projekt_adatlapok\/top_plusz-3-4-1-23-st1-2025-00009\/\" target=\"_blank\" rel=\"noreferrer noopener\">R\u00e9szletek<\/a><\/p>\n\n\n\n<p><strong>Turisztikai fejleszt\u00e9s Eresztv\u00e9nyben<br><\/strong>TOP_PLUSZ-6.2.1-23-2023-00009<br>R\u00e9szletek hamarosan\u2026<\/p>\n\n\n\n<p><strong>Gork\u00edj-lak\u00f3telep rehabilit\u00e1ci\u00f3ja<br><\/strong>TOP_PLUSZ-1.3.2-23-ST1-2024-00006<br>R\u00e9szletek hamarosan\u2026<\/p>\n\n\n\n<div style=\"height:10px\" aria-hidden=\"true\" class=\"wp-block-spacer\"><\/div>\n\n\n\n<h2 class=\"wp-block-heading has-medium-font-size\"><strong>Zajlik a projekt\/kivitelez\u00e9s (k\u00f6z)beszerz\u00e9si elj\u00e1r\u00e1sa, vagy annak k\u00f6zvetlen el\u0151k\u00e9sz\u00edt\u00e9se:<\/strong><\/h2>\n\n\n\n<p><strong>A Mack\u00f3v\u00e1r K\u00f6zponti \u00d3voda udvar\u00e1nak fel\u00faj\u00edt\u00e1sa<\/strong><br>TOP_PLUSZ-3.4.1-23-ST1-2023-00001<br><a href=\"https:\/\/www.salgotarjan.hu\/apps\/projekt_adatlapok\/top_plusz-3-4-1-23-st1-2023-00001\" data-type=\"link\" data-id=\"https:\/\/www.salgotarjan.hu\/apps\/projekt_adatlapok\/top-plusz-3-4-1-23-st1-2023-00001\/\" target=\"_blank\" rel=\"noreferrer noopener\">R\u00e9szletek<\/a><\/p>\n\n\n\n<p><strong>Orvosi rendel\u0151k kialak\u00edt\u00e1sa a Nyugati v\u00e1rosr\u00e9szben<br><\/strong>TOP_PLUSZ-3.4.1-23-ST1-2023-00002<br><a href=\"https:\/\/www.salgotarjan.hu\/apps\/projekt_adatlapok\/top_plusz-3-4-1-23-st1-2023-00002\" target=\"_blank\" rel=\"noreferrer noopener\">R\u00e9szletek<\/a><\/p>\n\n\n\n<p><strong><strong>A Beszterce-lak\u00f3telepi orvosi rendel\u0151k fel\u00faj\u00edt\u00e1sa<\/strong><br><\/strong>TOP_PLUSZ-3.4.1-23-ST1-2023-00003<br><a href=\"https:\/\/www.salgotarjan.hu\/apps\/projekt_adatlapok\/top_plusz-3-4-1-23-st1-2023-00003\" data-type=\"link\" data-id=\"https:\/\/www.salgotarjan.hu\/apps\/projekt_adatlapok\/top-plusz-3-4-1-23-st1-2023-00003\" target=\"_blank\" rel=\"noreferrer noopener\">R\u00e9szletek<\/a><\/p>\n\n\n\n<figure class=\"wp-block-image size-large is-resized\"><a href=\"https:\/\/www.salgotarjan.hu\/apps\/projekt_adatlapok\/top_plusz-3-4-1-23-st1-2023-00004\/\" target=\"_blank\" rel=\" noreferrer noopener\"><img decoding=\"async\" src=\"https:\/\/www.salgotarjan.hu\/apps\/projekt_adatlapok\/top_plusz-3-4-1-23-st1-2023-00004\/header.jpg\" alt=\"\" style=\"width:600px\"\/><\/a><\/figure>\n\n\n\n<p><strong><strong>Hajl\u00e9ktalanok nappali meleged\u0151j\u00e9nek fel\u00faj\u00edt\u00e1sa<\/strong><br><\/strong>TOP_PLUSZ-3.4.1-23-ST1-2024-00007<br><a href=\"https:\/\/www.salgotarjan.hu\/apps\/projekt_adatlapok\/top_plusz-3-4-1-23-st1-2024-00007\" data-type=\"link\" data-id=\"https:\/\/www.salgotarjan.hu\/apps\/projekt_adatlapok\/top-plusz-3-4-1-23-st1-2024-00007\" target=\"_blank\" rel=\"noreferrer noopener\">R\u00e9szletek<\/a><\/p>\n\n\n\n<p><strong><strong>Fogorvosi rendel\u0151 kialak\u00edt\u00e1sa Zagyvap\u00e1lfalv\u00e1n<\/strong><br><\/strong>TOP_PLUSZ-3.4.1-23-ST1-2023-00005<br><a href=\"https:\/\/www.salgotarjan.hu\/apps\/projekt_adatlapok\/top_plusz-3-4-1-23-st1-2023-00005\" data-type=\"link\" data-id=\"https:\/\/www.salgotarjan.hu\/apps\/projekt_adatlapok\/top-plusz-3-4-1-23-st1-2023-00005\" target=\"_blank\" rel=\"noreferrer noopener\">R\u00e9szletek<\/a><\/p>\n\n\n\n<p><strong>Belv\u00e1rosi rekre\u00e1ci\u00f3s ter\u00fcletek kialak\u00edt\u00e1sa \u00e9s fel\u00faj\u00edt\u00e1sa<br><\/strong>TOP_PLUSZ-1.3.2-23-ST1-2023-00001<br><a href=\"https:\/\/www.salgotarjan.hu\/apps\/projekt_adatlapok\/top_plusz-1-3-2-23-st1-2023-00001\" target=\"_blank\" rel=\"noreferrer noopener\">R\u00e9szletek<\/a><\/p>\n\n\n\n<p><strong>Kemerov\u00f3-lak\u00f3telep rehabilit\u00e1ci\u00f3ja<\/strong><br>TOP_PLUSZ-1.3.2-23-ST1-2024-00003<br><a href=\"https:\/\/www.salgotarjan.hu\/apps\/projekt_adatlapok\/top_plusz-1-3-2-23-st1-2024-00003\/\" data-type=\"link\" data-id=\"https:\/\/www.salgotarjan.hu\/apps\/projekt_adatlapok\/top_plusz-1-3-2-23-st1-2024-00003\/\" target=\"_blank\" rel=\"noreferrer noopener\">R\u00e9szletek<\/a><\/p>\n\n\n\n<figure class=\"wp-block-image size-large is-resized\"><img decoding=\"async\" src=\"https:\/\/www.salgotarjan.hu\/apps\/projekt_adatlapok\/top_plusz-1-3-2-23-st1-2023-00002\/header.jpg\" alt=\"\" style=\"width:600px\"\/><\/figure>\n\n\n\n<p><strong>Helyi identit\u00e1s \u00e9s koh\u00e9zi\u00f3 er\u0151s\u00edt\u00e9se az \u00e9szaki v\u00e1rosr\u00e9szekben<br><\/strong>TOP_PLUSZ-3.2.1-23-ST1-2025-00001<br><a href=\"https:\/\/www.salgotarjan.hu\/apps\/projekt_adatlapok\/top_plusz-3-2-1-23-st1-2025-00001\/\" data-type=\"link\" data-id=\"https:\/\/www.salgotarjan.hu\/apps\/projekt_adatlapok\/top_plusz-3-2-1-23-st1-2025-00001\/\" target=\"_blank\" rel=\"noreferrer noopener\">R\u00e9szletek<\/a><\/p>\n\n\n\n<p><strong><strong>Helyi identit\u00e1s \u00e9s koh\u00e9zi\u00f3 er\u0151s\u00edt\u00e9se a d\u00e9li v\u00e1rosr\u00e9szekben<\/strong><br><\/strong>TOP_PLUSZ-3.2.1-23-ST1-2025-00007<br><a href=\"https:\/\/www.salgotarjan.hu\/apps\/projekt_adatlapok\/top_plusz-3-2-1-23-st1-2025-00007\" target=\"_blank\" rel=\"noreferrer noopener\">R\u00e9szletek<\/a><\/p>\n\n\n\n<p><strong><strong>Eg\u00e9szs\u00e9g\u00fcgyi \u00e9s szoci\u00e1lis programok Salg\u00f3tarj\u00e1nban<\/strong><br><\/strong>TOP_PLUSZ-3.2.1-23-ST1-2025-00004<br><a href=\"https:\/\/www.salgotarjan.hu\/apps\/projekt_adatlapok\/top_plusz-3-2-1-23-st1-2025-00004\/\" data-type=\"link\" data-id=\"https:\/\/www.salgotarjan.hu\/apps\/projekt_adatlapok\/top_plusz-3-2-1-23-st1-2025-00004\/\" target=\"_blank\" rel=\"noreferrer noopener\">R\u00e9szletek<\/a><\/p>\n\n\n\n<p><strong>Egy\u00fctt \u00e9p\u00fcl\u00fcnk &#8211; K\u00f6z\u00f6ss\u00e9gek a sport \u00e9s a kult\u00fara ter\u00e9n Salg\u00f3tarj\u00e1nban<br><\/strong>TOP_PLUSZ-3.2.1-23-ST1-2025-00006<br><a href=\"https:\/\/www.salgotarjan.hu\/apps\/projekt_adatlapok\/top_plusz-3-2-1-23-st1-2025-00006\" data-type=\"link\" data-id=\"https:\/\/www.salgotarjan.hu\/apps\/projekt_adatlapok\/top_plusz-3-2-1-23-st1-2025-00006\" target=\"_blank\" rel=\"noreferrer noopener\">R\u00e9szletek<\/a><\/p>\n\n\n\n<div style=\"height:10px\" aria-hidden=\"true\" class=\"wp-block-spacer\"><\/div>\n\n\n\n<h2 class=\"wp-block-heading has-medium-font-size\"><strong>A projekt\/kivitelez\u00e9s v\u00e9get \u00e9rt, elsz\u00e1mol\u00e1sa folyamatban van:<\/strong><\/h2>\n\n\n\n<p><strong>V\u00e1rosi Sportcsarnok energetikai korszer\u0171s\u00edt\u00e9se<br><\/strong>TOP_PLUSZ-2.1.2-21-ST1-2022-00002<br><a href=\"https:\/\/www.salgotarjan.hu\/apps\/projekt_adatlapok\/top_plusz-2-1-2-21-st1-2022-00002\" target=\"_blank\" rel=\"noreferrer noopener\">R\u00e9szletek<\/a><\/p>\n\n\n\n<p><strong>Az ESZK \u00e9p\u00fclet\u00e9nek energetikai korszer\u0171s\u00edt\u00e9se<br><\/strong>TOP_PLUSZ-2.1.2-21-ST1-2022-00003<br><a href=\"https:\/\/www.salgotarjan.hu\/apps\/projekt_adatlapok\/top_plusz-2-1-2-21-st1-2022-00003\" target=\"_blank\" rel=\"noreferrer noopener\">R\u00e9szletek<\/a><\/p>\n\n\n\n<p><strong>Salg\u00f3tarj\u00e1ni T\u00e1nch\u00e1z energetikai korszer\u0171s\u00edt\u00e9se<br><\/strong>TOP_PLUSZ-2.1.2-21-ST1-2022-00001<br><a href=\"https:\/\/www.salgotarjan.hu\/apps\/projekt_adatlapok\/top_plusz-2-1-2-21-st1-2022-00001\" target=\"_blank\" rel=\"noreferrer noopener\">R\u00e9szletek<\/a><\/p>\n\n\n\n<p><strong>B\u00f6lcs\u0151de kialak\u00edt\u00e1sa Zagyvap\u00e1lfalv\u00e1n<br><\/strong>RRF-1.1.2-21-2022-000048<br><a href=\"https:\/\/www.salgotarjan.hu\/apps\/projekt_adatlapok\/rrf-1-1-2-21-2022-000048\/\" target=\"_blank\" rel=\"noreferrer noopener\">R\u00e9szletek<\/a><\/p>\n\n\n\n<p><strong>Fenntarthat\u00f3 V\u00e1rosfejleszt\u00e9si Strat\u00e9gi\u00e1k t\u00e1mogat\u00e1sa<br><\/strong>TOP_PLUSZ-1.3.1-21-NG1<br><a href=\"https:\/\/www.salgotarjan.hu\/apps\/projekt_adatlapok\/top_plusz-1-3-1-21-ng1-2022-00001\/\" target=\"_blank\" rel=\"noreferrer noopener\">R\u00e9szletek<\/a><\/p>\n\n\n\n<div style=\"height:10px\" aria-hidden=\"true\" class=\"wp-block-spacer\"><\/div>\n\n\n\n<p class=\"has-text-align-right has-small-font-size\">A projektek st\u00e1tuszol\u00e1sa a 2026. m\u00e1rcius 16. napj\u00e1n (a legut\u00f3bbi friss\u00edt\u00e9skor) aktu\u00e1lis helyzetet mutatja.<\/p>\n","protected":false},"excerpt":{"rendered":"<p>El\u0151k\u00e9sz\u00edt\u00e9s alatt \u00e1ll\u00f3, tartal\u00e9klist\u00e1n szerepl\u0151 projektek\/kivitelez\u00e9sek: Apr\u00f3falva Tag\u00f3voda energetikai fel\u00faj\u00edt\u00e1saR\u00e9szletek hamarosan&#8230; Piaci Tornaterem energetikai fel\u00faj\u00edt\u00e1saR\u00e9szletek hamarosan&#8230; El\u0151k\u00e9sz\u00edt\u00e9s alatt \u00e1ll\u00f3, m\u00e1r t\u00e1mogat\u00e1si szerz\u0151d\u00e9ssel rendelkez\u0151 projektek\/kivitelez\u00e9sek: Turistafogad\u00e1s felt\u00e9teleinek jav\u00edt\u00e1sa \u00e9s attrakci\u00f3b\u0151v\u00edt\u00e9s Somosk\u0151nTOP_PLUSZ-6.2.1-23-ST1-2023-00001R\u00e9szletek Piac \u00e9s kapcsol\u00f3d\u00f3 kereskedelmi egys\u00e9gek el\u00e9rhet\u0151s\u00e9g\u00e9nek jav\u00edt\u00e1saTOP_PLUSZ-1.3.2-23-ST1-2024-00004R\u00e9szletek K\u00f6z\u00f6ss\u00e9gi rekre\u00e1ci\u00f3s ter\u00fcletek fejleszt\u00e9se a T\u00f3strandon \u00e9s k\u00f6rny\u00e9k\u00e9nTOP_PLUSZ-1.3.2-23-ST1-2024-00005R\u00e9szletek A Beszterce-lak\u00f3telepi Tagiskola fel\u00faj\u00edt\u00e1saTOP_PLUSZ-3.4.1-23-ST1-2024-00006R\u00e9szletek A K\u00f6r\u00fati tag\u00f3voda fel\u00faj\u00edt\u00e1sa, valamint \u00f3vodai &#8230; <a title=\"Projektek \/ Projektek 2021-2027\" class=\"read-more\" href=\"https:\/\/www.salgotarjan.hu\/?page_id=13750\" aria-label=\"Read more about Projektek \/ Projektek 2021-2027\">Olvass tov\u00e1bb<\/a><\/p>\n","protected":false},"author":7,"featured_media":0,"parent":0,"menu_order":0,"comment_status":"closed","ping_status":"closed","template":"","meta":{"footnotes":""},"class_list":["post-13750","page","type-page","status-publish"],"_links":{"self":[{"href":"https:\/\/www.salgotarjan.hu\/index.php?rest_route=\/wp\/v2\/pages\/13750","targetHints":{"allow":["GET"]}}],"collection":[{"href":"https:\/\/www.salgotarjan.hu\/index.php?rest_route=\/wp\/v2\/pages"}],"about":[{"href":"https:\/\/www.salgotarjan.hu\/index.php?rest_route=\/wp\/v2\/types\/page"}],"author":[{"embeddable":true,"href":"https:\/\/www.salgotarjan.hu\/index.php?rest_route=\/wp\/v2\/users\/7"}],"replies":[{"embeddable":true,"href":"https:\/\/www.salgotarjan.hu\/index.php?rest_route=%2Fwp%2Fv2%2Fcomments&post=13750"}],"version-history":[{"count":1,"href":"https:\/\/www.salgotarjan.hu\/index.php?rest_route=\/wp\/v2\/pages\/13750\/revisions"}],"predecessor-version":[{"id":16938,"href":"https:\/\/www.salgotarjan.hu\/index.php?rest_route=\/wp\/v2\/pages\/13750\/revisions\/16938"}],"wp:attachment":[{"href":"https:\/\/www.salgotarjan.hu\/index.php?rest_route=%2Fwp%2Fv2%2Fmedia&parent=13750"}],"curies":[{"name":"wp","href":"https:\/\/api.w.org\/{rel}","templated":true}]}}