{"id":1343,"date":"2015-05-29T12:53:46","date_gmt":"2015-05-29T11:53:46","guid":{"rendered":"http:\/\/www.salgotarjan.hu\/?page_id=1343"},"modified":"2017-01-12T10:07:56","modified_gmt":"2017-01-12T09:07:56","slug":"projekt-keop-5-5-0a12-2013-0497","status":"publish","type":"page","link":"https:\/\/www.salgotarjan.hu\/?page_id=1343","title":{"rendered":"Projektek \/ Projektek 2007-2013 \/ KEOP-5.5.0\/A\/12-2013-0497"},"content":{"rendered":"<p>Salg\u00f3tarj\u00e1n Megyei Jog\u00fa V\u00e1ros \u00d6nkorm\u00e1nyzata az \u201e\u00c9p\u00fcletenergetikai fejleszt\u00e9sek \u00e9s k\u00f6zvil\u00e1g\u00edt\u00e1s energiatakar\u00e9kos \u00e1talak\u00edt\u00e1sa\u201dp\u00e1ly\u00e1zati konstrukci\u00f3ban KEOP-5.5.0\/A\/12-2013-0497 azonos\u00edt\u00f3 sz\u00e1mon regisztr\u00e1lt p\u00e1ly\u00e1zatot ny\u00fajtott be, melyet a T\u00e1mogat\u00f3 2014.03.12-\u00e9n vissza nem t\u00e9r\u00edtend\u0151 t\u00e1mogat\u00e1sban r\u00e9szes\u00edtett. A projekt f\u0151 c\u00e9lja a k\u00f6zvil\u00e1g\u00edt\u00e1s korszer\u0171s\u00edt\u00e9se. A beruh\u00e1z\u00e1s keret\u00e9ben a v\u00e1ros k\u00f6zter\u00fcleti vil\u00e1g\u00edt\u00f3 berendez\u00e9seinek energiahat\u00e9kony korszer\u0171s\u00edt\u00e9se t\u00f6rt\u00e9nik meg, mely jelenleg vegyes t\u00edpus\u00fa vil\u00e1g\u00edt\u00f3testekkel t\u00f6rt\u00e9nik. A fejleszt\u00e9s sor\u00e1n korszer\u0171, LED-es vil\u00e1g\u00edt\u00f3 berendez\u00e9sek ker\u00fclnek felszerel\u00e9sre.<\/p>\n<p>Let\u00f6lthet\u0151 dokumentumok:<br \/>\n&#8211; <a href=\"https:\/\/www.salgotarjan.hu\/wp-content\/uploads\/fajl_projektek_20151220_keop-5-5-0-a-12-2013-0497_tajekoztato.pdf\">A projekt t\u00e1j\u00e9koztat\u00f3ja<\/a> (pdf)<br \/>\n&#8211; <a href=\"https:\/\/www.salgotarjan.hu\/wp-content\/uploads\/fajl_projektek_20151220_keop-5-5-0-a-12-2013-0497_zaro_sajtokozlemeny.pdf\">Z\u00e1r\u00f3 sajt\u00f3k\u00f6zlem\u00e9ny<\/a> (pdf)<br \/>\n&#8211; <a href=\"https:\/\/www.salgotarjan.hu\/wp-content\/uploads\/fajl_projektek_20151220_keop-5-5-0-a-12-2013-0497_projekttabla.pdf\">Projektt\u00e1bla <\/a>(pdf)<\/p>\n<p><img loading=\"lazy\" decoding=\"async\" src=\"https:\/\/www.salgotarjan.hu\/wp-content\/uploads\/fajl_projektek_20151220_keop-5-5-0-a-12-2013-0497_kep1.jpg\" alt=\"\" width=\"480\" height=\"320\" class=\"alignnone size-full wp-image-2402\" \/><\/p>\n<p><img loading=\"lazy\" decoding=\"async\" src=\"https:\/\/www.salgotarjan.hu\/wp-content\/uploads\/fajl_projektek_20151220_keop-5-5-0-a-12-2013-0497_kep2.jpg\" alt=\"\" width=\"480\" height=\"270\" class=\"alignnone size-full wp-image-2403\" \/><\/p>\n<p><img loading=\"lazy\" decoding=\"async\" src=\"https:\/\/www.salgotarjan.hu\/wp-content\/uploads\/fajl_projektek_20151220_keop-5-5-0-a-12-2013-0497_kep3.jpg\" alt=\"\" width=\"480\" height=\"641\" class=\"alignnone size-full wp-image-2404\" \/><\/p>\n<p><img loading=\"lazy\" decoding=\"async\" src=\"https:\/\/www.salgotarjan.hu\/wp-content\/uploads\/fajl_projektek_20151220_keop-5-5-0-a-12-2013-0497_kep4.jpg\" alt=\"\" width=\"480\" height=\"320\" class=\"alignnone size-full wp-image-2405\" \/><\/p>\n<p><img loading=\"lazy\" decoding=\"async\" src=\"https:\/\/www.salgotarjan.hu\/wp-content\/uploads\/fajl_projektek_20151220_keop-5-5-0-a-12-2013-0497_kep5.jpg\" alt=\"\" width=\"480\" height=\"640\" class=\"alignnone size-full wp-image-2406\" \/><\/p>\n<p><img loading=\"lazy\" decoding=\"async\" src=\"https:\/\/www.salgotarjan.hu\/wp-content\/uploads\/fajl_projektek_20151220_keop-5-5-0-a-12-2013-0497_logo.jpg\" alt=\"\" width=\"480\" height=\"332\" class=\"alignnone size-full wp-image-1587\" \/><\/p>\n","protected":false},"excerpt":{"rendered":"<p>Salg\u00f3tarj\u00e1n Megyei Jog\u00fa V\u00e1ros \u00d6nkorm\u00e1nyzata az \u201e\u00c9p\u00fcletenergetikai fejleszt\u00e9sek \u00e9s k\u00f6zvil\u00e1g\u00edt\u00e1s energiatakar\u00e9kos \u00e1talak\u00edt\u00e1sa\u201dp\u00e1ly\u00e1zati konstrukci\u00f3ban KEOP-5.5.0\/A\/12-2013-0497 azonos\u00edt\u00f3 sz\u00e1mon regisztr\u00e1lt p\u00e1ly\u00e1zatot ny\u00fajtott be, melyet a T\u00e1mogat\u00f3 2014.03.12-\u00e9n vissza nem t\u00e9r\u00edtend\u0151 t\u00e1mogat\u00e1sban r\u00e9szes\u00edtett. A projekt f\u0151 c\u00e9lja a k\u00f6zvil\u00e1g\u00edt\u00e1s korszer\u0171s\u00edt\u00e9se. A beruh\u00e1z\u00e1s keret\u00e9ben a v\u00e1ros k\u00f6zter\u00fcleti vil\u00e1g\u00edt\u00f3 berendez\u00e9seinek energiahat\u00e9kony korszer\u0171s\u00edt\u00e9se t\u00f6rt\u00e9nik meg, mely jelenleg vegyes t\u00edpus\u00fa vil\u00e1g\u00edt\u00f3testekkel t\u00f6rt\u00e9nik. A &#8230; <a title=\"Projektek \/ Projektek 2007-2013 \/ KEOP-5.5.0\/A\/12-2013-0497\" class=\"read-more\" href=\"https:\/\/www.salgotarjan.hu\/?page_id=1343\" aria-label=\"Read more about Projektek \/ Projektek 2007-2013 \/ KEOP-5.5.0\/A\/12-2013-0497\">Olvass tov\u00e1bb<\/a><\/p>\n","protected":false},"author":7,"featured_media":0,"parent":0,"menu_order":0,"comment_status":"closed","ping_status":"closed","template":"","meta":{"footnotes":""},"class_list":["post-1343","page","type-page","status-publish"],"_links":{"self":[{"href":"https:\/\/www.salgotarjan.hu\/index.php?rest_route=\/wp\/v2\/pages\/1343","targetHints":{"allow":["GET"]}}],"collection":[{"href":"https:\/\/www.salgotarjan.hu\/index.php?rest_route=\/wp\/v2\/pages"}],"about":[{"href":"https:\/\/www.salgotarjan.hu\/index.php?rest_route=\/wp\/v2\/types\/page"}],"author":[{"embeddable":true,"href":"https:\/\/www.salgotarjan.hu\/index.php?rest_route=\/wp\/v2\/users\/7"}],"replies":[{"embeddable":true,"href":"https:\/\/www.salgotarjan.hu\/index.php?rest_route=%2Fwp%2Fv2%2Fcomments&post=1343"}],"version-history":[{"count":3,"href":"https:\/\/www.salgotarjan.hu\/index.php?rest_route=\/wp\/v2\/pages\/1343\/revisions"}],"predecessor-version":[{"id":5494,"href":"https:\/\/www.salgotarjan.hu\/index.php?rest_route=\/wp\/v2\/pages\/1343\/revisions\/5494"}],"wp:attachment":[{"href":"https:\/\/www.salgotarjan.hu\/index.php?rest_route=%2Fwp%2Fv2%2Fmedia&parent=1343"}],"curies":[{"name":"wp","href":"https:\/\/api.w.org\/{rel}","templated":true}]}}