{"id":13012,"date":"2022-04-09T20:25:12","date_gmt":"2022-04-09T18:25:12","guid":{"rendered":"https:\/\/www.salgotarjan.hu\/?page_id=13012"},"modified":"2023-05-24T11:58:06","modified_gmt":"2023-05-24T09:58:06","slug":"valasztasok-valasztasi-bizottsag-hirdetmenyei-2022-helyi-valasztasi-bizottsag-hirdetmenyei","status":"publish","type":"page","link":"https:\/\/www.salgotarjan.hu\/?page_id=13012","title":{"rendered":"V\u00e1laszt\u00e1sok \/ V\u00e1laszt\u00e1si bizotts\u00e1g hirdetm\u00e9nyei \/ 2022. Helyi V\u00e1laszt\u00e1si Bizotts\u00e1g hirdetm\u00e9nyei"},"content":{"rendered":"\n<p>2022-04-09<br><a rel=\"noreferrer noopener\" href=\"https:\/\/www.salgotarjan.hu\/wp-content\/uploads\/valasztasok_20220409_hvb_meghivo.pdf\" target=\"_blank\">Megh\u00edv\u00f3<\/a> (pdf)<\/p>\n\n\n\n<p>2022-04-20<br><a href=\"https:\/\/www.salgotarjan.hu\/wp-content\/uploads\/valasztasok_20220420_hvb_meghivo.pdf\">Megh\u00edv\u00f3<\/a> (pdf)<\/p>\n\n\n\n<p>2022-05-12<br><a href=\"https:\/\/www.salgotarjan.hu\/wp-content\/uploads\/valasztasok_20220512_hvb_meghivo.pdf\">Megh\u00edv\u00f3<\/a> (pdf)<\/p>\n\n\n\n<p>2022-05-20<br><a href=\"https:\/\/www.salgotarjan.hu\/wp-content\/uploads\/valasztasok_20220520_hvb_meghivo.pdf\">Megh\u00edv\u00f3<\/a> (pdf)<\/p>\n\n\n\n<p>2022-05-25<br><a href=\"https:\/\/www.salgotarjan.hu\/wp-content\/uploads\/valasztasok_20220525_hvb_meghivo.pdf\">Megh\u00edv\u00f3<\/a> (pdf)<\/p>\n\n\n\n<p>2022-05-31<br><a href=\"https:\/\/www.salgotarjan.hu\/wp-content\/uploads\/valasztasok_20220531_hvb_meghivo.pdf\">Megh\u00edv\u00f3<\/a> (pdf)<\/p>\n\n\n\n<p>2022-06-07<br><a href=\"https:\/\/www.salgotarjan.hu\/wp-content\/uploads\/valasztasok_20220607_hvb_meghivo.pdf\">Megh\u00edv\u00f3<\/a> (pdf)<\/p>\n\n\n\n<p>2022-06-13<br><a href=\"https:\/\/www.salgotarjan.hu\/wp-content\/uploads\/valasztasok_20220613_hvb_meghivo.pdf\">Megh\u00edv\u00f3<\/a> (pdf)<\/p>\n\n\n\n<p>2022-07-05<br><a href=\"https:\/\/www.salgotarjan.hu\/wp-content\/uploads\/valasztasok_20220705_hvb_meghivo.pdf\">Megh\u00edv\u00f3<\/a> (pdf)<\/p>\n\n\n\n<p>2022-07-13<br><a href=\"https:\/\/www.salgotarjan.hu\/wp-content\/uploads\/20220713_meghivo.pdf\" target=\"_blank\" rel=\"noreferrer noopener\">Megh\u00edv\u00f3<\/a> (pdf)<\/p>\n\n\n\n<p>2022-07-22<br><a rel=\"noreferrer noopener\" href=\"https:\/\/www.salgotarjan.hu\/wp-content\/uploads\/valasztasok_20220722_meghivo.pdf\" target=\"_blank\">Megh\u00edv\u00f3<\/a> (pdf)<\/p>\n\n\n\n<p>2022-09-13<br><a rel=\"noreferrer noopener\" href=\"https:\/\/www.salgotarjan.hu\/wp-content\/uploads\/valasztasok_20220913_meghivo.pdf\" target=\"_blank\">Megh\u00edv\u00f3<\/a> (pdf)<\/p>\n\n\n\n<p>2022-09-20<br><a rel=\"noreferrer noopener\" href=\"https:\/\/www.salgotarjan.hu\/wp-content\/uploads\/valasztasok_20220920_meghivo.pdf\" target=\"_blank\">Megh\u00edv\u00f3<\/a> (pdf)<\/p>\n\n\n\n<p>2022-10-06<br><a rel=\"noreferrer noopener\" href=\"https:\/\/www.salgotarjan.hu\/wp-content\/uploads\/valasztasok_20221006_meghivo.pdf\" target=\"_blank\">Megh\u00edv\u00f3<\/a> (pdf)<\/p>\n\n\n\n<p>2022-10-15<br><a rel=\"noreferrer noopener\" href=\"https:\/\/www.salgotarjan.hu\/wp-content\/uploads\/valasztasok_20221015_meghivo.pdf\" target=\"_blank\">Megh\u00edv\u00f3<\/a> (pdf)<\/p>\n","protected":false},"excerpt":{"rendered":"<p>2022-04-09Megh\u00edv\u00f3 (pdf) 2022-04-20Megh\u00edv\u00f3 (pdf) 2022-05-12Megh\u00edv\u00f3 (pdf) 2022-05-20Megh\u00edv\u00f3 (pdf) 2022-05-25Megh\u00edv\u00f3 (pdf) 2022-05-31Megh\u00edv\u00f3 (pdf) 2022-06-07Megh\u00edv\u00f3 (pdf) 2022-06-13Megh\u00edv\u00f3 (pdf) 2022-07-05Megh\u00edv\u00f3 (pdf) 2022-07-13Megh\u00edv\u00f3 (pdf) 2022-07-22Megh\u00edv\u00f3 (pdf) 2022-09-13Megh\u00edv\u00f3 (pdf) 2022-09-20Megh\u00edv\u00f3 (pdf) 2022-10-06Megh\u00edv\u00f3 (pdf) 2022-10-15Megh\u00edv\u00f3 (pdf)<\/p>\n","protected":false},"author":7,"featured_media":0,"parent":0,"menu_order":0,"comment_status":"closed","ping_status":"closed","template":"","meta":{"footnotes":""},"class_list":["post-13012","page","type-page","status-publish"],"_links":{"self":[{"href":"https:\/\/www.salgotarjan.hu\/index.php?rest_route=\/wp\/v2\/pages\/13012","targetHints":{"allow":["GET"]}}],"collection":[{"href":"https:\/\/www.salgotarjan.hu\/index.php?rest_route=\/wp\/v2\/pages"}],"about":[{"href":"https:\/\/www.salgotarjan.hu\/index.php?rest_route=\/wp\/v2\/types\/page"}],"author":[{"embeddable":true,"href":"https:\/\/www.salgotarjan.hu\/index.php?rest_route=\/wp\/v2\/users\/7"}],"replies":[{"embeddable":true,"href":"https:\/\/www.salgotarjan.hu\/index.php?rest_route=%2Fwp%2Fv2%2Fcomments&post=13012"}],"version-history":[{"count":1,"href":"https:\/\/www.salgotarjan.hu\/index.php?rest_route=\/wp\/v2\/pages\/13012\/revisions"}],"predecessor-version":[{"id":14085,"href":"https:\/\/www.salgotarjan.hu\/index.php?rest_route=\/wp\/v2\/pages\/13012\/revisions\/14085"}],"wp:attachment":[{"href":"https:\/\/www.salgotarjan.hu\/index.php?rest_route=%2Fwp%2Fv2%2Fmedia&parent=13012"}],"curies":[{"name":"wp","href":"https:\/\/api.w.org\/{rel}","templated":true}]}}