{"id":13,"date":"2014-10-26T13:10:33","date_gmt":"2014-10-26T12:10:33","guid":{"rendered":"http:\/\/www.salgotarjan.hu\/?page_id=13"},"modified":"2014-11-05T11:06:52","modified_gmt":"2014-11-05T10:06:52","slug":"uzleti-lehetosegek","status":"publish","type":"page","link":"https:\/\/www.salgotarjan.hu\/?page_id=13","title":{"rendered":"\u00dczleti lehet\u0151s\u00e9gek"},"content":{"rendered":"<h2>\u00d6nkorm\u00e1nyzati ingatlanok<\/h2>\n<p><a href=\"http:\/\/www.svagyon.hu\/hu\/menupont_vagyonkezeles\/hirdetesek\" target=\"_blank\">B\u00e9relhet\u0151, megv\u00e1s\u00e1rolhat\u00f3 ingatlanok list\u00e1ja<\/a> (svagyon.hu)<\/p>\n","protected":false},"excerpt":{"rendered":"<p>\u00d6nkorm\u00e1nyzati ingatlanok B\u00e9relhet\u0151, megv\u00e1s\u00e1rolhat\u00f3 ingatlanok list\u00e1ja (svagyon.hu)<\/p>\n","protected":false},"author":7,"featured_media":0,"parent":0,"menu_order":0,"comment_status":"closed","ping_status":"open","template":"","meta":{"footnotes":""},"class_list":["post-13","page","type-page","status-publish"],"_links":{"self":[{"href":"https:\/\/www.salgotarjan.hu\/index.php?rest_route=\/wp\/v2\/pages\/13","targetHints":{"allow":["GET"]}}],"collection":[{"href":"https:\/\/www.salgotarjan.hu\/index.php?rest_route=\/wp\/v2\/pages"}],"about":[{"href":"https:\/\/www.salgotarjan.hu\/index.php?rest_route=\/wp\/v2\/types\/page"}],"author":[{"embeddable":true,"href":"https:\/\/www.salgotarjan.hu\/index.php?rest_route=\/wp\/v2\/users\/7"}],"replies":[{"embeddable":true,"href":"https:\/\/www.salgotarjan.hu\/index.php?rest_route=%2Fwp%2Fv2%2Fcomments&post=13"}],"version-history":[{"count":5,"href":"https:\/\/www.salgotarjan.hu\/index.php?rest_route=\/wp\/v2\/pages\/13\/revisions"}],"predecessor-version":[{"id":209,"href":"https:\/\/www.salgotarjan.hu\/index.php?rest_route=\/wp\/v2\/pages\/13\/revisions\/209"}],"wp:attachment":[{"href":"https:\/\/www.salgotarjan.hu\/index.php?rest_route=%2Fwp%2Fv2%2Fmedia&parent=13"}],"curies":[{"name":"wp","href":"https:\/\/api.w.org\/{rel}","templated":true}]}}