{"id":12900,"date":"2022-03-09T11:28:46","date_gmt":"2022-03-09T10:28:46","guid":{"rendered":"https:\/\/www.salgotarjan.hu\/?page_id=12900"},"modified":"2022-05-04T08:14:19","modified_gmt":"2022-05-04T06:14:19","slug":"projektek-esza","status":"publish","type":"page","link":"https:\/\/www.salgotarjan.hu\/?page_id=12900","title":{"rendered":"Projektek \/ ESZA"},"content":{"rendered":"\n<p><strong>Es\u00e9ly a gyermekeinknek<\/strong><br>EFOP-1.4.2-16-2016-00003<br><a rel=\"noopener noreferrer\" href=\"http:\/\/www.salgotarjan.hu\/apps\/projekt_adatlapok\/efop-1-4-2-16-2016-00003\/\" target=\"_blank\">R\u00e9szletek<\/a><br><a rel=\"noreferrer noopener\" href=\"https:\/\/www.salgotarjan.hu\/?p=13056\" target=\"_blank\">2022-04-30 Sajt\u00f3k\u00f6zlem\u00e9ny<\/a><\/p>\n\n\n\n<p><strong>Prevenci\u00f3- innov\u00e1ci\u00f3 \u00e9s c\u00e9lzott prevenci\u00f3s programok a Salg\u00f3tarj\u00e1ni j\u00e1r\u00e1sban<\/strong><br>EFOP-1.8.7-16-2017-00039<br><a href=\"http:\/\/www.salgotarjan.hu\/apps\/projekt_adatlapok\/efop-1-8-7-16-2017-00039\/\" target=\"_blank\" rel=\"noopener noreferrer\">R\u00e9szletek<\/a><\/p>\n","protected":false},"excerpt":{"rendered":"<p>Es\u00e9ly a gyermekeinknekEFOP-1.4.2-16-2016-00003R\u00e9szletek2022-04-30 Sajt\u00f3k\u00f6zlem\u00e9ny Prevenci\u00f3- innov\u00e1ci\u00f3 \u00e9s c\u00e9lzott prevenci\u00f3s programok a Salg\u00f3tarj\u00e1ni j\u00e1r\u00e1sbanEFOP-1.8.7-16-2017-00039R\u00e9szletek<\/p>\n","protected":false},"author":7,"featured_media":0,"parent":0,"menu_order":0,"comment_status":"closed","ping_status":"closed","template":"","meta":{"footnotes":""},"class_list":["post-12900","page","type-page","status-publish"],"_links":{"self":[{"href":"https:\/\/www.salgotarjan.hu\/index.php?rest_route=\/wp\/v2\/pages\/12900","targetHints":{"allow":["GET"]}}],"collection":[{"href":"https:\/\/www.salgotarjan.hu\/index.php?rest_route=\/wp\/v2\/pages"}],"about":[{"href":"https:\/\/www.salgotarjan.hu\/index.php?rest_route=\/wp\/v2\/types\/page"}],"author":[{"embeddable":true,"href":"https:\/\/www.salgotarjan.hu\/index.php?rest_route=\/wp\/v2\/users\/7"}],"replies":[{"embeddable":true,"href":"https:\/\/www.salgotarjan.hu\/index.php?rest_route=%2Fwp%2Fv2%2Fcomments&post=12900"}],"version-history":[{"count":1,"href":"https:\/\/www.salgotarjan.hu\/index.php?rest_route=\/wp\/v2\/pages\/12900\/revisions"}],"predecessor-version":[{"id":13065,"href":"https:\/\/www.salgotarjan.hu\/index.php?rest_route=\/wp\/v2\/pages\/12900\/revisions\/13065"}],"wp:attachment":[{"href":"https:\/\/www.salgotarjan.hu\/index.php?rest_route=%2Fwp%2Fv2%2Fmedia&parent=12900"}],"curies":[{"name":"wp","href":"https:\/\/api.w.org\/{rel}","templated":true}]}}