{"id":10054,"date":"2019-09-06T15:00:07","date_gmt":"2019-09-06T13:00:07","guid":{"rendered":"https:\/\/www.salgotarjan.hu\/?page_id=10054"},"modified":"2019-10-22T20:35:44","modified_gmt":"2019-10-22T18:35:44","slug":"valasztasok-valasztasi-bizottsag-hirdetmenyei-2019","status":"publish","type":"page","link":"https:\/\/www.salgotarjan.hu\/?page_id=10054","title":{"rendered":"V\u00e1laszt\u00e1sok \/ V\u00e1laszt\u00e1si bizotts\u00e1g hirdetm\u00e9nyei \/ 2019."},"content":{"rendered":"<p><a href=\"https:\/\/www.salgotarjan.hu\/wp-content\/uploads\/valasztasok_20191022_hvb_hirdetmeny_meghivo_2019.pdf\">Megh\u00edv\u00f3<\/a> (pdf)<\/p>\n<p><a href=\"https:\/\/www.salgotarjan.hu\/wp-content\/uploads\/valasztasok_20190919_hvb_hirdetmeny_meghivo_2019.pdf\">Megh\u00edv\u00f3<\/a> (pdf)<\/p>\n<p><a href=\"https:\/\/www.salgotarjan.hu\/wp-content\/uploads\/valasztasok_20190918_hvb_hirdetmeny_meghivo_2019.pdf\">Megh\u00edv\u00f3<\/a> (pdf)<\/p>\n<p><a href=\"https:\/\/www.salgotarjan.hu\/wp-content\/uploads\/valasztasok_20190910_hvb_hirdetmeny_meghivo_2019.pdf\">Megh\u00edv\u00f3<\/a> (pdf)<\/p>\n<p><a href=\"https:\/\/www.salgotarjan.hu\/wp-content\/uploads\/valasztasok_20190906_hvb_hirdetmeny_meghivo_2019.pdf\">Megh\u00edv\u00f3<\/a> (pdf)<\/p>\n","protected":false},"excerpt":{"rendered":"<p>Megh\u00edv\u00f3 (pdf) Megh\u00edv\u00f3 (pdf) Megh\u00edv\u00f3 (pdf) Megh\u00edv\u00f3 (pdf) Megh\u00edv\u00f3 (pdf)<\/p>\n","protected":false},"author":7,"featured_media":0,"parent":0,"menu_order":0,"comment_status":"closed","ping_status":"closed","template":"","meta":{"footnotes":""},"class_list":["post-10054","page","type-page","status-publish"],"_links":{"self":[{"href":"https:\/\/www.salgotarjan.hu\/index.php?rest_route=\/wp\/v2\/pages\/10054","targetHints":{"allow":["GET"]}}],"collection":[{"href":"https:\/\/www.salgotarjan.hu\/index.php?rest_route=\/wp\/v2\/pages"}],"about":[{"href":"https:\/\/www.salgotarjan.hu\/index.php?rest_route=\/wp\/v2\/types\/page"}],"author":[{"embeddable":true,"href":"https:\/\/www.salgotarjan.hu\/index.php?rest_route=\/wp\/v2\/users\/7"}],"replies":[{"embeddable":true,"href":"https:\/\/www.salgotarjan.hu\/index.php?rest_route=%2Fwp%2Fv2%2Fcomments&post=10054"}],"version-history":[{"count":1,"href":"https:\/\/www.salgotarjan.hu\/index.php?rest_route=\/wp\/v2\/pages\/10054\/revisions"}],"predecessor-version":[{"id":10253,"href":"https:\/\/www.salgotarjan.hu\/index.php?rest_route=\/wp\/v2\/pages\/10054\/revisions\/10253"}],"wp:attachment":[{"href":"https:\/\/www.salgotarjan.hu\/index.php?rest_route=%2Fwp%2Fv2%2Fmedia&parent=10054"}],"curies":[{"name":"wp","href":"https:\/\/api.w.org\/{rel}","templated":true}]}}